{"id":243498,"date":"2026-02-19T12:14:02","date_gmt":"2026-02-19T12:14:02","guid":{"rendered":"https:\/\/sarajevo.rps.edu.ba\/?page_id=243498"},"modified":"2026-03-05T09:01:18","modified_gmt":"2026-03-05T09:01:18","slug":"obroci-prehrana","status":"publish","type":"page","link":"https:\/\/sarajevo.rps.edu.ba\/bs\/obroci-prehrana\/","title":{"rendered":"Obroci i prehrana"},"content":{"rendered":"<p>[et_pb_section fb_built=&#8221;1&#8243; fullwidth=&#8221;on&#8221; _builder_version=&#8221;4.27.4&#8243; _module_preset=&#8221;default&#8221; global_colors_info=&#8221;{}&#8221;][et_pb_fullwidth_header title=&#8221;@ET-DC@eyJkeW5hbWljIjp0cnVlLCJjb250ZW50IjoicG9zdF9saW5rIiwic2V0dGluZ3MiOnsiYmVmb3JlIjoiIiwiYWZ0ZXIiOiIiLCJ0ZXh0IjoicG9zdF90aXRsZSIsImN1c3RvbV90ZXh0IjoiIn19@&#8221; _builder_version=&#8221;4.27.4&#8243; _dynamic_attributes=&#8221;title&#8221; _module_preset=&#8221;_initial&#8221; title_font=&#8221;&#8211;et_global_heading_font|700||on|||||&#8221; title_font_size=&#8221;54px&#8221; title_font_size_tablet=&#8221;50px&#8221; title_font_size_phone=&#8221;38px&#8221; title_font_size_last_edited=&#8221;on|phone&#8221; global_colors_info=&#8221;{}&#8221;][\/et_pb_fullwidth_header][\/et_pb_section][et_pb_section fb_built=&#8221;1&#8243; _builder_version=&#8221;4.27.4&#8243; _module_preset=&#8221;default&#8221; global_colors_info=&#8221;{}&#8221;][et_pb_row column_structure=&#8221;1_2,1_2&#8243; _builder_version=&#8221;4.27.5&#8243; _module_preset=&#8221;default&#8221; global_colors_info=&#8221;{}&#8221;][et_pb_column type=&#8221;1_2&#8243; _builder_version=&#8221;4.27.5&#8243; _module_preset=&#8221;default&#8221; global_colors_info=&#8221;{}&#8221;][et_pb_text _builder_version=&#8221;4.27.5&#8243; _module_preset=&#8221;default&#8221; global_colors_info=&#8221;{}&#8221;]<\/p>\n<p data-start=\"72\" data-end=\"373\">U Osnovnoj \u0161koli Richmond Park vjerujemo da je uravnote\u017eena ishrana klju\u010dna za podr\u0161ku rastu, u\u010denju i op\u0107em blagostanju djece. Na\u0161i obroci se svakodnevno svje\u017ee pripremaju u na\u0161oj <strong>Kuhinja sa HACCP certifikatom<\/strong>, koriste\u0107i sezonske, visokokvalitetne sastojke koje u\u010denici vole i kojima roditelji mogu vjerovati.<\/p>\n<p data-start=\"375\" data-end=\"668\">Pru\u017eamo dnevni doru\u010dak i ru\u010dak osmi\u0161ljene da zadovolje prehrambene potrebe u\u010denika osnovne \u0161kole. Na\u0161 pa\u017eljivo planirani \u010detverotjedni rotiraju\u0107i jelovnik osigurava raznolikost, ravnote\u017eu i porcije prilago\u0111ene dobi kako bi podr\u017eao odr\u017eavanje energije, koncentracije i zdravog razvoja tokom cijelog \u0161kolskog dana.<\/p>\n<p data-start=\"670\" data-end=\"795\">Na\u0161 pristup ishrani podsti\u010de pozitivne prehrambene navike i poma\u017ee u\u010denicima da izgrade \u010dvrstu osnovu za cjelo\u017eivotno zdravlje.<\/p>\n<p>[\/et_pb_text][et_pb_blurb title=&#8221;Fresh, Healthy Meals Daily&#8221; use_icon=&#8221;on&#8221; font_icon=&#8221;&#xf2e7;||fa||900&#8243; icon_placement=&#8221;left&#8221; _builder_version=&#8221;4.27.4&#8243; _module_preset=&#8221;default&#8221; global_colors_info=&#8221;{}&#8221;][\/et_pb_blurb][et_pb_blurb title=&#8221;Nutrition Designed for Growing Children&#8221; use_icon=&#8221;on&#8221; font_icon=&#8221;&#xf5d1;||fa||900&#8243; icon_color=&#8221;#EB5E42&#8243; icon_placement=&#8221;left&#8221; _builder_version=&#8221;4.27.4&#8243; _module_preset=&#8221;default&#8221; global_colors_info=&#8221;{}&#8221;][\/et_pb_blurb][\/et_pb_column][et_pb_column type=&#8221;1_2&#8243; _builder_version=&#8221;4.27.4&#8243; _module_preset=&#8221;default&#8221; global_colors_info=&#8221;{}&#8221;][et_pb_image src=&#8221;https:\/\/sarajevo.rps.edu.ba\/wp-content\/uploads\/2025\/12\/Snapshot_072-scaled.jpg&#8221; title_text=&#8221;Snapshot_072&#8243; _builder_version=&#8221;4.27.5&#8243; _module_preset=&#8221;default&#8221; global_colors_info=&#8221;{}&#8221;][\/et_pb_image][\/et_pb_column][\/et_pb_row][et_pb_row _builder_version=&#8221;4.27.4&#8243; _module_preset=&#8221;default&#8221; global_colors_info=&#8221;{}&#8221;][et_pb_column type=&#8221;4_4&#8243; _builder_version=&#8221;4.27.4&#8243; _module_preset=&#8221;default&#8221; global_colors_info=&#8221;{}&#8221;][et_pb_code _builder_version=&#8221;4.27.5&#8243; _module_preset=&#8221;default&#8221; hover_enabled=&#8221;0&#8243; global_colors_info=&#8221;{}&#8221; sticky_enabled=&#8221;0&#8243;]<\/p>\n<style><!-- [et_pb_line_break_holder] -->:root {<!-- [et_pb_line_break_holder] -->  --main-color: #0e5058;<!-- [et_pb_line_break_holder] -->  --main-color-light: rgba(14, 80, 88, 0.1);<!-- [et_pb_line_break_holder] -->  --main-color-lighter: rgba(14, 80, 88, 0.05);<!-- [et_pb_line_break_holder] -->  --main-color-contrast: #ffffff;<!-- [et_pb_line_break_holder] -->}<!-- [et_pb_line_break_holder] --><!-- [et_pb_line_break_holder] -->.menu-tabs-wrapper {<!-- [et_pb_line_break_holder] -->  margin-top: 2rem;<!-- [et_pb_line_break_holder] -->  font-family: inherit;<!-- [et_pb_line_break_holder] -->  color: inherit;<!-- [et_pb_line_break_holder] -->}<!-- [et_pb_line_break_holder] --><!-- [et_pb_line_break_holder] -->.menu-tabs {<!-- [et_pb_line_break_holder] -->  display: flex;<!-- [et_pb_line_break_holder] -->  gap: 1rem;<!-- [et_pb_line_break_holder] -->  flex-wrap: wrap;<!-- [et_pb_line_break_holder] -->  margin-bottom: 1rem;<!-- [et_pb_line_break_holder] -->}<!-- [et_pb_line_break_holder] --><!-- [et_pb_line_break_holder] -->.menu-tab-button {<!-- [et_pb_line_break_holder] -->  padding: 10px 18px;<!-- [et_pb_line_break_holder] -->  background-color: #f2f2f2;<!-- [et_pb_line_break_holder] -->  border: 1px solid #ccc;<!-- [et_pb_line_break_holder] -->  cursor: pointer;<!-- [et_pb_line_break_holder] -->  border-radius: 6px;<!-- [et_pb_line_break_holder] -->  transition: 0.3s;<!-- [et_pb_line_break_holder] -->  font-weight: 500;<!-- [et_pb_line_break_holder] -->}<!-- [et_pb_line_break_holder] --><!-- [et_pb_line_break_holder] -->.menu-tab-button:hover {<!-- [et_pb_line_break_holder] -->  background-color: var(--main-color-light);<!-- [et_pb_line_break_holder] -->  border-color: var(--main-color);<!-- [et_pb_line_break_holder] -->  color: var(--main-color);<!-- [et_pb_line_break_holder] -->}<!-- [et_pb_line_break_holder] --><!-- [et_pb_line_break_holder] -->.menu-tab-button.active {<!-- [et_pb_line_break_holder] -->  background-color: var(--main-color);<!-- [et_pb_line_break_holder] -->  border-color: var(--main-color);<!-- [et_pb_line_break_holder] -->  color: var(--main-color-contrast);<!-- [et_pb_line_break_holder] -->  font-weight: 600;<!-- [et_pb_line_break_holder] -->}<!-- [et_pb_line_break_holder] --><!-- [et_pb_line_break_holder] -->.school-menu-wrapper {<!-- [et_pb_line_break_holder] -->  width: 100%;<!-- [et_pb_line_break_holder] -->  overflow-x: auto;<!-- [et_pb_line_break_holder] -->  margin-bottom: 2rem;<!-- [et_pb_line_break_holder] -->  border: 1px solid #e0e0e0;<!-- [et_pb_line_break_holder] -->  border-radius: 8px;<!-- [et_pb_line_break_holder] -->}<!-- [et_pb_line_break_holder] --><!-- [et_pb_line_break_holder] -->.school-menu-table {<!-- [et_pb_line_break_holder] -->  width: 100%;<!-- [et_pb_line_break_holder] -->  border-collapse: collapse;<!-- [et_pb_line_break_holder] -->  min-width: 900px;<!-- [et_pb_line_break_holder] -->  font-size: 15px;<!-- [et_pb_line_break_holder] -->}<!-- [et_pb_line_break_holder] --><!-- [et_pb_line_break_holder] -->.school-menu-table thead {<!-- [et_pb_line_break_holder] -->  background-color: var(--main-color);<!-- [et_pb_line_break_holder] -->}<!-- [et_pb_line_break_holder] --><!-- [et_pb_line_break_holder] -->.school-menu-table thead th {<!-- [et_pb_line_break_holder] -->  color: var(--main-color-contrast);<!-- [et_pb_line_break_holder] -->}<!-- [et_pb_line_break_holder] --><!-- [et_pb_line_break_holder] -->.school-menu-table td {<!-- [et_pb_line_break_holder] -->  border: 1px solid #e0e0e0;<!-- [et_pb_line_break_holder] -->  padding: 10px;<!-- [et_pb_line_break_holder] -->  vertical-align: top;<!-- [et_pb_line_break_holder] -->}<!-- [et_pb_line_break_holder] --><!-- [et_pb_line_break_holder] -->.school-menu-table thead {<!-- [et_pb_line_break_holder] -->  background-color: var(--main-color);<!-- [et_pb_line_break_holder] -->  color: var(--main-color-contrast);<!-- [et_pb_line_break_holder] -->  font-weight: 600;<!-- [et_pb_line_break_holder] -->}<!-- [et_pb_line_break_holder] --><!-- [et_pb_line_break_holder] -->.school-menu-table tbody tr:nth-child(odd) {<!-- [et_pb_line_break_holder] -->  background-color: var(--main-color-lighter);<!-- [et_pb_line_break_holder] -->}<!-- [et_pb_line_break_holder] --><!-- [et_pb_line_break_holder] -->.school-menu-table tbody tr:nth-child(even) {<!-- [et_pb_line_break_holder] -->  background-color: var(--main-color-light);<!-- [et_pb_line_break_holder] -->}<!-- [et_pb_line_break_holder] --><!-- [et_pb_line_break_holder] -->.menu-tab-content {<!-- [et_pb_line_break_holder] -->  display: none;<!-- [et_pb_line_break_holder] -->}<!-- [et_pb_line_break_holder] --><!-- [et_pb_line_break_holder] -->.menu-tab-content.active {<!-- [et_pb_line_break_holder] -->  display: block;<!-- [et_pb_line_break_holder] -->}<!-- [et_pb_line_break_holder] --><\/style>\n<p><!-- [et_pb_line_break_holder] --><!-- [et_pb_line_break_holder] --><\/p>\n<div class=\"menu-tabs-wrapper\"><!-- [et_pb_line_break_holder] --><!-- [et_pb_line_break_holder] --><\/p>\n<div class=\"menu-tabs\"><!-- [et_pb_line_break_holder] --><\/p>\n<div class=\"menu-tab-button active\" onclick=\"showTab(event,'week1')\">Week 1<\/div>\n<p><!-- [et_pb_line_break_holder] --><\/p>\n<div class=\"menu-tab-button\" onclick=\"showTab(event,'week2')\">Week 2<\/div>\n<p><!-- [et_pb_line_break_holder] --><\/p>\n<div class=\"menu-tab-button\" onclick=\"showTab(event,'week3')\">Week 3<\/div>\n<p><!-- [et_pb_line_break_holder] --><\/p>\n<div class=\"menu-tab-button\" onclick=\"showTab(event,'week4')\">Week 4<\/div>\n<p><!-- [et_pb_line_break_holder] --><\/div>\n<p><!-- [et_pb_line_break_holder] --><!-- [et_pb_line_break_holder] --><!-- Week 1 --><!-- [et_pb_line_break_holder] --><\/p>\n<div id=\"week1\" class=\"menu-tab-content active\"><!-- [et_pb_line_break_holder] --><\/p>\n<div class=\"school-menu-wrapper\"><!-- [et_pb_line_break_holder] --><\/p>\n<table class=\"school-menu-table\"><!-- [et_pb_line_break_holder] --><!-- [et_pb_line_break_holder] --><\/p>\n<thead><!-- [et_pb_line_break_holder] --><\/p>\n<tr><!-- [et_pb_line_break_holder] --><\/p>\n<th>Dan<\/th>\n<p><!-- [et_pb_line_break_holder] --><\/p>\n<th>Doru\u010dak<\/th>\n<p><!-- [et_pb_line_break_holder] --><\/p>\n<th>Ru\u010dak<\/th>\n<p><!-- [et_pb_line_break_holder] --><\/tr>\n<p><!-- [et_pb_line_break_holder] --><\/thead>\n<p><!-- [et_pb_line_break_holder] --><!-- [et_pb_line_break_holder] --><\/p>\n<tbody><!-- [et_pb_line_break_holder] --><\/p>\n<tr><!-- [et_pb_line_break_holder] --><\/p>\n<td>Ponedjeljak<\/td>\n<p><!-- [et_pb_line_break_holder] --><\/p>\n<td>Polenta, sour cream, fresh cheese, chicken breast, Edamer cheese, tea<\/td>\n<p><!-- [et_pb_line_break_holder] --><\/p>\n<td>Clear soup, rice, chicken drumstick, seasonal salad, fruit<\/td>\n<p><!-- [et_pb_line_break_holder] --><\/tr>\n<p><!-- [et_pb_line_break_holder] --><!-- [et_pb_line_break_holder] --><\/p>\n<tr><!-- [et_pb_line_break_holder] --><\/p>\n<td>Utorak<\/td>\n<p><!-- [et_pb_line_break_holder] --><\/p>\n<td>Cereal with milk, sour cream, scrambled eggs, Zdenka cheese, salad, tea<\/td>\n<p><!-- [et_pb_line_break_holder] --><\/p>\n<td>Tarhana soup, beef and vegetable goulash, mashed potatoes, seasonal salad, cake<\/td>\n<p><!-- [et_pb_line_break_holder] --><\/tr>\n<p><!-- [et_pb_line_break_holder] --><!-- [et_pb_line_break_holder] --><\/p>\n<tr><!-- [et_pb_line_break_holder] --><\/p>\n<td>Srijeda<\/td>\n<p><!-- [et_pb_line_break_holder] --><\/p>\n<td>Buckwheat fritters, sour cream, cheese, sweet spread, jam, tea<\/td>\n<p><!-- [et_pb_line_break_holder] --><\/p>\n<td>Clear soup, chicken sandwich, seasonal salad, sauce, fruit<\/td>\n<p><!-- [et_pb_line_break_holder] --><\/tr>\n<p><!-- [et_pb_line_break_holder] --><!-- [et_pb_line_break_holder] --><\/p>\n<tr><!-- [et_pb_line_break_holder] --><\/p>\n<td>\u010cetvrtak<\/td>\n<p><!-- [et_pb_line_break_holder] --><\/p>\n<td>Boiled eggs, fish, corn, butter, sweet spread, tea<\/td>\n<p><!-- [et_pb_line_break_holder] --><\/p>\n<td>Bey&#8217;s soup, cheese pie, cake<\/td>\n<p><!-- [et_pb_line_break_holder] --><\/tr>\n<p><!-- [et_pb_line_break_holder] --><!-- [et_pb_line_break_holder] --><\/p>\n<tr><!-- [et_pb_line_break_holder] --><\/p>\n<td>Petak<\/td>\n<p><!-- [et_pb_line_break_holder] --><\/p>\n<td>Vegetable baked batter dish, sour cream, cheese, tomato, tea<\/td>\n<p><!-- [et_pb_line_break_holder] --><\/p>\n<td>Cream soup, chicken in b\u00e9chamel sauce, couscous, seasonal salad, fruit<\/td>\n<p><!-- [et_pb_line_break_holder] --><\/tr>\n<p><!-- [et_pb_line_break_holder] --><\/tbody>\n<p><!-- [et_pb_line_break_holder] --><!-- [et_pb_line_break_holder] --><\/table>\n<p><!-- [et_pb_line_break_holder] --><\/div>\n<p><!-- [et_pb_line_break_holder] --><\/div>\n<p><!-- [et_pb_line_break_holder] --><!-- [et_pb_line_break_holder] --><!-- [et_pb_line_break_holder] --><!-- Week 2 --><!-- [et_pb_line_break_holder] --><\/p>\n<div id=\"week2\" class=\"menu-tab-content\"><!-- [et_pb_line_break_holder] --><\/p>\n<div class=\"school-menu-wrapper\"><!-- [et_pb_line_break_holder] --><\/p>\n<table class=\"school-menu-table\"><!-- [et_pb_line_break_holder] --><!-- [et_pb_line_break_holder] --><\/p>\n<thead><!-- [et_pb_line_break_holder] --><\/p>\n<tr><!-- [et_pb_line_break_holder] --><\/p>\n<th>Dan<\/th>\n<p><!-- [et_pb_line_break_holder] --><\/p>\n<th>Doru\u010dak<\/th>\n<p><!-- [et_pb_line_break_holder] --><\/p>\n<th>Ru\u010dak<\/th>\n<p><!-- [et_pb_line_break_holder] --><\/tr>\n<p><!-- [et_pb_line_break_holder] --><\/thead>\n<p><!-- [et_pb_line_break_holder] --><!-- [et_pb_line_break_holder] --><\/p>\n<tbody><!-- [et_pb_line_break_holder] --><\/p>\n<tr><!-- [et_pb_line_break_holder] --><\/p>\n<td>Ponedjeljak<\/td>\n<p><!-- [et_pb_line_break_holder] --><\/p>\n<td>Scrambled eggs, sour cream, chicken bites, sweet spread, tea<\/td>\n<p><!-- [et_pb_line_break_holder] --><\/p>\n<td>Tarhana soup, pasta with Bolognese sauce, seasonal salad, cake<\/td>\n<p><!-- [et_pb_line_break_holder] --><\/tr>\n<p><!-- [et_pb_line_break_holder] --><!-- [et_pb_line_break_holder] --><\/p>\n<tr><!-- [et_pb_line_break_holder] --><\/p>\n<td>Utorak<\/td>\n<p><!-- [et_pb_line_break_holder] --><\/p>\n<td>Sweet croissant, sour cream, Zdenka cheese, tomato, tea<\/td>\n<p><!-- [et_pb_line_break_holder] --><\/p>\n<td>Clear soup, meatballs with vegetables, rice, seasonal salad, fruit<\/td>\n<p><!-- [et_pb_line_break_holder] --><\/tr>\n<p><!-- [et_pb_line_break_holder] --><!-- [et_pb_line_break_holder] --><\/p>\n<tr><!-- [et_pb_line_break_holder] --><\/p>\n<td>Srijeda<\/td>\n<p><!-- [et_pb_line_break_holder] --><\/p>\n<td>Boiled eggs, butter, tomato, cucumber, sweet spread, tea<\/td>\n<p><!-- [et_pb_line_break_holder] --><\/p>\n<td>Hamburger, cheese, seasonal salad, sauce, fruit<\/td>\n<p><!-- [et_pb_line_break_holder] --><\/tr>\n<p><!-- [et_pb_line_break_holder] --><!-- [et_pb_line_break_holder] --><\/p>\n<tr><!-- [et_pb_line_break_holder] --><\/p>\n<td>\u010cetvrtak<\/td>\n<p><!-- [et_pb_line_break_holder] --><\/p>\n<td>Sandwich (chicken breast and Edamer cheese), sour cream, tea<\/td>\n<p><!-- [et_pb_line_break_holder] --><\/p>\n<td>Bey&#8217;s soup, breaded chicken fillet, baked potatoes, sauce, seasonal salad, cake<\/td>\n<p><!-- [et_pb_line_break_holder] --><\/tr>\n<p><!-- [et_pb_line_break_holder] --><!-- [et_pb_line_break_holder] --><\/p>\n<tr><!-- [et_pb_line_break_holder] --><\/p>\n<td>Petak<\/td>\n<p><!-- [et_pb_line_break_holder] --><\/p>\n<td>Cereal with milk, sour cream, tea<\/td>\n<p><!-- [et_pb_line_break_holder] --><\/p>\n<td>Cream soup, pizza, fruit<\/td>\n<p><!-- [et_pb_line_break_holder] --><\/tr>\n<p><!-- [et_pb_line_break_holder] --><\/tbody>\n<p><!-- [et_pb_line_break_holder] --><!-- [et_pb_line_break_holder] --><\/table>\n<p><!-- [et_pb_line_break_holder] --><\/div>\n<p><!-- [et_pb_line_break_holder] --><\/div>\n<p><!-- [et_pb_line_break_holder] --><!-- [et_pb_line_break_holder] --><!-- [et_pb_line_break_holder] --><!-- Week 3 --><!-- [et_pb_line_break_holder] --><\/p>\n<div id=\"week3\" class=\"menu-tab-content\"><!-- [et_pb_line_break_holder] --><\/p>\n<div class=\"school-menu-wrapper\"><!-- [et_pb_line_break_holder] --><\/p>\n<table class=\"school-menu-table\"><!-- [et_pb_line_break_holder] --><!-- [et_pb_line_break_holder] --><\/p>\n<thead><!-- [et_pb_line_break_holder] --><\/p>\n<tr><!-- [et_pb_line_break_holder] --><\/p>\n<th>Dan<\/th>\n<p><!-- [et_pb_line_break_holder] --><\/p>\n<th>Doru\u010dak<\/th>\n<p><!-- [et_pb_line_break_holder] --><\/p>\n<th>Ru\u010dak<\/th>\n<p><!-- [et_pb_line_break_holder] --><\/tr>\n<p><!-- [et_pb_line_break_holder] --><\/thead>\n<p><!-- [et_pb_line_break_holder] --><!-- [et_pb_line_break_holder] --><\/p>\n<tbody><!-- [et_pb_line_break_holder] --><\/p>\n<tr><!-- [et_pb_line_break_holder] --><\/p>\n<td>Ponedjeljak<\/td>\n<p><!-- [et_pb_line_break_holder] --><\/p>\n<td>Polenta, sour cream, fresh cheese, chicken breast, Edamer cheese, tea<\/td>\n<p><!-- [et_pb_line_break_holder] --><\/p>\n<td>Clear soup, wok chicken, couscous, seasonal salad, fruit<\/td>\n<p><!-- [et_pb_line_break_holder] --><\/tr>\n<p><!-- [et_pb_line_break_holder] --><!-- [et_pb_line_break_holder] --><\/p>\n<tr><!-- [et_pb_line_break_holder] --><\/p>\n<td>Utorak<\/td>\n<p><!-- [et_pb_line_break_holder] --><\/p>\n<td>Cereal with milk, sour cream, scrambled eggs, Zdenka cheese, salad, tea<\/td>\n<p><!-- [et_pb_line_break_holder] --><\/p>\n<td>Tarhana soup, mini homemade beef patties, mashed potatoes, seasonal salad, cake<\/td>\n<p><!-- [et_pb_line_break_holder] --><\/tr>\n<p><!-- [et_pb_line_break_holder] --><!-- [et_pb_line_break_holder] --><\/p>\n<tr><!-- [et_pb_line_break_holder] --><\/p>\n<td>Srijeda<\/td>\n<p><!-- [et_pb_line_break_holder] --><\/p>\n<td>Buckwheat fritters, sour cream, cheese, sweet spread, jam, tea<\/td>\n<p><!-- [et_pb_line_break_holder] --><\/p>\n<td>Doner kebab, salad, sauce, fries, fruit<\/td>\n<p><!-- [et_pb_line_break_holder] --><\/tr>\n<p><!-- [et_pb_line_break_holder] --><!-- [et_pb_line_break_holder] --><\/p>\n<tr><!-- [et_pb_line_break_holder] --><\/p>\n<td>\u010cetvrtak<\/td>\n<p><!-- [et_pb_line_break_holder] --><\/p>\n<td>Boiled eggs, fish, corn, butter, sweet spread, tea<\/td>\n<p><!-- [et_pb_line_break_holder] --><\/p>\n<td>Bey&#8217;s soup, chicken drumstick, rice, sauce, seasonal salad, cake<\/td>\n<p><!-- [et_pb_line_break_holder] --><\/tr>\n<p><!-- [et_pb_line_break_holder] --><!-- [et_pb_line_break_holder] --><\/p>\n<tr><!-- [et_pb_line_break_holder] --><\/p>\n<td>Petak<\/td>\n<p><!-- [et_pb_line_break_holder] --><\/p>\n<td>Vegetable baked batter dish, sour cream, cheese, tomato, tea<\/td>\n<p><!-- [et_pb_line_break_holder] --><\/p>\n<td>Cream soup, whole wheat pasta with sour cream and cheese, juice, fruit<\/td>\n<p><!-- [et_pb_line_break_holder] --><\/tr>\n<p><!-- [et_pb_line_break_holder] --><\/tbody>\n<p><!-- [et_pb_line_break_holder] --><!-- [et_pb_line_break_holder] --><\/table>\n<p><!-- [et_pb_line_break_holder] --><\/div>\n<p><!-- [et_pb_line_break_holder] --><\/div>\n<p><!-- [et_pb_line_break_holder] --><!-- [et_pb_line_break_holder] --><!-- [et_pb_line_break_holder] --><!-- Week 4 --><!-- [et_pb_line_break_holder] --><\/p>\n<div id=\"week4\" class=\"menu-tab-content\"><!-- [et_pb_line_break_holder] --><\/p>\n<div class=\"school-menu-wrapper\"><!-- [et_pb_line_break_holder] --><\/p>\n<table class=\"school-menu-table\"><!-- [et_pb_line_break_holder] --><!-- [et_pb_line_break_holder] --><\/p>\n<thead><!-- [et_pb_line_break_holder] --><\/p>\n<tr><!-- [et_pb_line_break_holder] --><\/p>\n<th>Dan<\/th>\n<p><!-- [et_pb_line_break_holder] --><\/p>\n<th>Doru\u010dak<\/th>\n<p><!-- [et_pb_line_break_holder] --><\/p>\n<th>Ru\u010dak<\/th>\n<p><!-- [et_pb_line_break_holder] --><\/tr>\n<p><!-- [et_pb_line_break_holder] --><\/thead>\n<p><!-- [et_pb_line_break_holder] --><!-- [et_pb_line_break_holder] --><\/p>\n<tbody><!-- [et_pb_line_break_holder] --><\/p>\n<tr><!-- [et_pb_line_break_holder] --><\/p>\n<td>Ponedjeljak<\/td>\n<p><!-- [et_pb_line_break_holder] --><\/p>\n<td>Scrambled eggs, sour cream, sweet spread, tomato, ajvar, tea<\/td>\n<p><!-- [et_pb_line_break_holder] --><\/p>\n<td>Tarhana soup, chicken in b\u00e9chamel sauce, rice, seasonal salad, cake<\/td>\n<p><!-- [et_pb_line_break_holder] --><\/tr>\n<p><!-- [et_pb_line_break_holder] --><!-- [et_pb_line_break_holder] --><\/p>\n<tr><!-- [et_pb_line_break_holder] --><\/p>\n<td>Utorak<\/td>\n<p><!-- [et_pb_line_break_holder] --><\/p>\n<td>Cheese pastry, jam, tea<\/td>\n<p><!-- [et_pb_line_break_holder] --><\/p>\n<td>Clear soup, fish sticks, potato salad, spinach, fruit<\/td>\n<p><!-- [et_pb_line_break_holder] --><\/tr>\n<p><!-- [et_pb_line_break_holder] --><!-- [et_pb_line_break_holder] --><\/p>\n<tr><!-- [et_pb_line_break_holder] --><\/p>\n<td>Srijeda<\/td>\n<p><!-- [et_pb_line_break_holder] --><\/p>\n<td>Boiled eggs, butter, tomato, cucumber, sweet spread, tea<\/td>\n<p><!-- [et_pb_line_break_holder] --><\/p>\n<td>\u0106evapi, onion salad, flatbread, fries, fruit<\/td>\n<p><!-- [et_pb_line_break_holder] --><\/tr>\n<p><!-- [et_pb_line_break_holder] --><!-- [et_pb_line_break_holder] --><\/p>\n<tr><!-- [et_pb_line_break_holder] --><\/p>\n<td>\u010cetvrtak<\/td>\n<p><!-- [et_pb_line_break_holder] --><\/p>\n<td>Chicken breast, Edamer cheese, sour cream, jam, tea<\/td>\n<p><!-- [et_pb_line_break_holder] --><\/p>\n<td>Breaded chicken, fries, sauce, juice, seasonal salad, cake<\/td>\n<p><!-- [et_pb_line_break_holder] --><\/tr>\n<p><!-- [et_pb_line_break_holder] --><!-- [et_pb_line_break_holder] --><\/p>\n<tr><!-- [et_pb_line_break_holder] --><\/p>\n<td>Petak<\/td>\n<p><!-- [et_pb_line_break_holder] --><\/p>\n<td>Cereal with milk, banana, sour cream, tea<\/td>\n<p><!-- [et_pb_line_break_holder] --><\/p>\n<td>Cream soup, pizza, juice, cake<\/td>\n<p><!-- [et_pb_line_break_holder] --><\/tr>\n<p><!-- [et_pb_line_break_holder] --><\/tbody>\n<p><!-- [et_pb_line_break_holder] --><!-- [et_pb_line_break_holder] --><\/table>\n<p><!-- [et_pb_line_break_holder] --><\/div>\n<p><!-- [et_pb_line_break_holder] --><\/div>\n<p><!-- [et_pb_line_break_holder] --><!-- [et_pb_line_break_holder] --><\/div>\n<p><!-- [et_pb_line_break_holder] --><!-- [et_pb_line_break_holder] --><script><!-- [et_pb_line_break_holder] -->function showTab(evt, id) {<!-- [et_pb_line_break_holder] -->  document.querySelectorAll('.menu-tab-content').forEach(el => el.classList.remove('active'));<!-- [et_pb_line_break_holder] -->  document.querySelectorAll('.menu-tab-button').forEach(el => el.classList.remove('active'));<!-- [et_pb_line_break_holder] -->  document.getElementById(id).classList.add('active');<!-- [et_pb_line_break_holder] -->  evt.target.classList.add('active');<!-- [et_pb_line_break_holder] -->}<!-- [et_pb_line_break_holder] --><\/script>[\/et_pb_code][\/et_pb_column][\/et_pb_row][\/et_pb_section]<\/p>","protected":false},"excerpt":{"rendered":"<p>At Richmond Park Primary School, we believe that balanced nutrition is essential for supporting children\u2019s growth, learning, and overall wellbeing. Our meals are prepared fresh each day in our HACCP-certified kitchen, using seasonal, high-quality ingredients that students enjoy and parents can trust. We provide a daily breakfast and lunch designed to meet the nutritional needs [&hellip;]<\/p>","protected":false},"author":1,"featured_media":0,"parent":0,"menu_order":0,"comment_status":"closed","ping_status":"closed","template":"","meta":{"_et_pb_use_builder":"on","_et_pb_old_content":"","_et_gb_content_width":"","iawp_total_views":62,"footnotes":""},"class_list":["post-243498","page","type-page","status-publish","hentry"],"_links":{"self":[{"href":"https:\/\/sarajevo.rps.edu.ba\/bs\/wp-json\/wp\/v2\/pages\/243498","targetHints":{"allow":["GET"]}}],"collection":[{"href":"https:\/\/sarajevo.rps.edu.ba\/bs\/wp-json\/wp\/v2\/pages"}],"about":[{"href":"https:\/\/sarajevo.rps.edu.ba\/bs\/wp-json\/wp\/v2\/types\/page"}],"author":[{"embeddable":true,"href":"https:\/\/sarajevo.rps.edu.ba\/bs\/wp-json\/wp\/v2\/users\/1"}],"replies":[{"embeddable":true,"href":"https:\/\/sarajevo.rps.edu.ba\/bs\/wp-json\/wp\/v2\/comments?post=243498"}],"version-history":[{"count":4,"href":"https:\/\/sarajevo.rps.edu.ba\/bs\/wp-json\/wp\/v2\/pages\/243498\/revisions"}],"predecessor-version":[{"id":243578,"href":"https:\/\/sarajevo.rps.edu.ba\/bs\/wp-json\/wp\/v2\/pages\/243498\/revisions\/243578"}],"wp:attachment":[{"href":"https:\/\/sarajevo.rps.edu.ba\/bs\/wp-json\/wp\/v2\/media?parent=243498"}],"curies":[{"name":"radni list","href":"https:\/\/api.w.org\/{rel}","templated":true}]}}