{"id":242862,"date":"2025-07-30T07:51:53","date_gmt":"2025-07-30T07:51:53","guid":{"rendered":"https:\/\/sarajevo.rps.edu.ba\/?page_id=242862"},"modified":"2025-07-31T12:19:55","modified_gmt":"2025-07-31T12:19:55","slug":"koledz-knjige-materijali","status":"publish","type":"page","link":"https:\/\/sarajevo.rps.edu.ba\/bs\/koledz-knjige-materijali\/","title":{"rendered":"Knjige i materijali"},"content":{"rendered":"<p>[et_pb_section fb_built=\u201d1\u2033 fullwidth=\u201duklju\u010deno\u201d _builder_version=\u201d4.27.4\u2033 _module_preset=\u201ddefault\u201d global_colors_info=\u201d{}\u201d theme_builder_area=\u201dpost_content\u201d][et_pb_fullwidth_header title=\u201d@ET-DC@eyJkeW5hbWljIjp0cnVlLCJjb250ZW50IjoicG9zdF9saW5rIiwic2V0dGluZ3MiOnsiYmVmb3JlIjoiIiwiYWZ0ZXIiOiIiLCJ0ZXh0IjoicG9zdF90aXRsZSIsImN1c3RvbV90ZXh0IjoiIn19@\u201d _builder_version=\u201d4.27.4\u2033 _dynamic_attributes=\u201dnaslov\u201d _module_preset=&quot;zadano&quot; title_font=&quot;\u2013et_global_heading_font|700||uklju\u010deno|||||&quot; title_font_size=\u201d54px\u201d title_font_size_tablet=\u201d50px\u201d title_font_size_phone=\u201d38px\u201d title_font_size_last_edited=\u201dna|telefonu\u201d global_colors_info=\u201d{}\u201d theme_builder_area=\u201dpost_content\u201d][\/et_pb_fullwidth_header][\/et_pb_section][et_pb_section fb_built=\u201d1\u2033 _builder_version=\u201d4.27.4\u2033 _module_preset=\u201ddefault\u201d custom_padding=\u201d1vw||1vw||true|false\u201d global_colors_info=\u201d{}\u201d theme_builder_area=\u201dpost_content\u201d][et_pb_row _builder_version=\u201d4.27.4\u2033 _module_preset=\u201ddefault\u201d global_colors_info=\u201d{}\u201d theme_builder_area=\u201dpost_content\u201d][et_pb_column type=\u201d4_4\u2033 _builder_version=\u201d4.27.4\u2033 _module_preset=\u201ddefault\u201d global_colors_info=\u201d{}\u201d theme_builder_area=\u201dpost_content\u201d][et_pb_text _builder_version=\u201d4.27.4\u2033 _module_preset=\u201ddefault\u201d hover_enabled=\u201d0\u2033 global_colors_info=\u201d{}\u201d theme_builder_area=\u201dpost_content\u201d sticky_enabled=\u201d0\u2033]<\/p>\n<p data-start=\"326\" data-end=\"620\">Kako bismo podr\u017eali na\u0161 kombinovani nastavni plan i program i strukturirani pristup u\u010denju, svaki razred na Richmond Park Sarajevo koled\u017eu ima posebnu listu potrebnih knjiga i materijala. Ovi materijali poma\u017eu u\u010denicima da ostanu organizovani, pripremljeni i spremni da se u potpunosti uklju\u010de u aktivnosti na nastavi.<\/p>\n<p data-start=\"622\" data-end=\"684\">Ispod mo\u017eete preuzeti trenutne liste za svaki razred.<\/p>\n<p>[\/et_pb_text][\/et_pb_column][\/et_pb_row][et_pb_row column_structure=&#8221;1_2,1_2&#8243; _builder_version=&#8221;4.27.4&#8243; _module_preset=&#8221;default&#8221; global_colors_info=&#8221;{}&#8221; theme_builder_area=&#8221;post_content&#8221;][et_pb_column type=&#8221;1_2&#8243; _builder_version=&#8221;4.27.4&#8243; _module_preset=&#8221;default&#8221; global_colors_info=&#8221;{}&#8221; theme_builder_area=&#8221;post_content&#8221;][et_pb_blurb title=&#8221;Grade 10 \u2013 Book &#038; Stationery List&#8221; use_icon=&#8221;on&#8221; font_icon=&#8221;&#xe086;||divi||400&#8243; image_icon_background_color=&#8221;RGBA(255,255,255,0)&#8221; icon_placement=&#8221;left&#8221; _builder_version=&#8221;4.27.4&#8243; _module_preset=&#8221;default&#8221; border_color_all_image=&#8221;RGBA(255,255,255,0)&#8221; global_colors_info=&#8221;{}&#8221; icon_color__hover_enabled=&#8221;on|hover&#8221; icon_color__hover=&#8221;#EB5E42&#8243; header_text_color__hover_enabled=&#8221;on|desktop&#8221; header_text_color__hover=&#8221;#EB5E42&#8243; theme_builder_area=&#8221;post_content&#8221;][\/et_pb_blurb][\/et_pb_column][et_pb_column type=&#8221;1_2&#8243; _builder_version=&#8221;4.27.4&#8243; _module_preset=&#8221;default&#8221; global_colors_info=&#8221;{}&#8221; theme_builder_area=&#8221;post_content&#8221;][et_pb_blurb title=&#8221;Grade 11 \u2013 Book &#038; Stationery List&#8221; use_icon=&#8221;on&#8221; font_icon=&#8221;&#xe086;||divi||400&#8243; image_icon_background_color=&#8221;RGBA(255,255,255,0)&#8221; icon_placement=&#8221;left&#8221; _builder_version=&#8221;4.27.4&#8243; _module_preset=&#8221;default&#8221; border_color_all_image=&#8221;RGBA(255,255,255,0)&#8221; global_colors_info=&#8221;{}&#8221; header_text_color__hover=&#8221;#EB5E42&#8243; header_text_color__hover_enabled=&#8221;on|desktop&#8221; icon_color__hover=&#8221;#EB5E42&#8243; icon_color__hover_enabled=&#8221;on|hover&#8221; theme_builder_area=&#8221;post_content&#8221;][\/et_pb_blurb][\/et_pb_column][\/et_pb_row][et_pb_row column_structure=&#8221;1_2,1_2&#8243; _builder_version=&#8221;4.27.4&#8243; _module_preset=&#8221;default&#8221; global_colors_info=&#8221;{}&#8221; theme_builder_area=&#8221;post_content&#8221;][et_pb_column type=&#8221;1_2&#8243; _builder_version=&#8221;4.27.4&#8243; _module_preset=&#8221;default&#8221; global_colors_info=&#8221;{}&#8221; theme_builder_area=&#8221;post_content&#8221;][et_pb_blurb title=&#8221;Grade 12 \u2013 Book &#038; Stationery List&#8221; use_icon=&#8221;on&#8221; font_icon=&#8221;&#xe086;||divi||400&#8243; image_icon_background_color=&#8221;RGBA(255,255,255,0)&#8221; icon_placement=&#8221;left&#8221; _builder_version=&#8221;4.27.4&#8243; _module_preset=&#8221;default&#8221; border_color_all_image=&#8221;RGBA(255,255,255,0)&#8221; global_colors_info=&#8221;{}&#8221; icon_color__hover_enabled=&#8221;on|hover&#8221; icon_color__hover=&#8221;#EB5E42&#8243; header_text_color__hover_enabled=&#8221;on|desktop&#8221; header_text_color__hover=&#8221;#EB5E42&#8243; theme_builder_area=&#8221;post_content&#8221;][\/et_pb_blurb][\/et_pb_column][et_pb_column type=&#8221;1_2&#8243; _builder_version=&#8221;4.27.4&#8243; _module_preset=&#8221;default&#8221; global_colors_info=&#8221;{}&#8221; theme_builder_area=&#8221;post_content&#8221;][et_pb_blurb title=&#8221;Grade 13 \u2013 Book &#038; Stationery List&#8221; use_icon=&#8221;on&#8221; font_icon=&#8221;&#xe086;||divi||400&#8243; image_icon_background_color=&#8221;RGBA(255,255,255,0)&#8221; icon_placement=&#8221;left&#8221; _builder_version=&#8221;4.27.4&#8243; _module_preset=&#8221;default&#8221; border_color_all_image=&#8221;RGBA(255,255,255,0)&#8221; global_colors_info=&#8221;{}&#8221; header_text_color__hover=&#8221;#EB5E42&#8243; header_text_color__hover_enabled=&#8221;on|desktop&#8221; icon_color__hover=&#8221;#EB5E42&#8243; icon_color__hover_enabled=&#8221;on|hover&#8221; theme_builder_area=&#8221;post_content&#8221;][\/et_pb_blurb][\/et_pb_column][\/et_pb_row][\/et_pb_section][et_pb_section fb_built=&#8221;1&#8243; prev_background_color=&#8221;#ffffff&#8221; next_background_color=&#8221;#ffffff&#8221; admin_label=&#8221;Call to Action&#8221; _builder_version=&#8221;4.27.4&#8243; _module_preset=&#8221;default&#8221; background_color=&#8221;#0E5058&#8243; background_enable_image=&#8221;off&#8221; custom_padding=&#8221;5vw||5vw||true|false&#8221; top_divider_style=&#8221;curve2&#8243; top_divider_height_tablet=&#8221;43px&#8221; top_divider_height_phone=&#8221;20px&#8221; top_divider_height_last_edited=&#8221;on|tablet&#8221; bottom_divider_style=&#8221;curve2&#8243; bottom_divider_flip=&#8221;vertical&#8221; bottom_divider_height_tablet=&#8221;41px&#8221; bottom_divider_height_phone=&#8221;26px&#8221; bottom_divider_height_last_edited=&#8221;on|desktop&#8221; locked=&#8221;off&#8221; collapsed=&#8221;off&#8221; global_colors_info=&#8221;{%22gcid-36fd78a7-34bc-404d-873c-dafa34efaae5%22:%91%22background_color%22%93}&#8221; theme_builder_area=&#8221;post_content&#8221;][et_pb_row _builder_version=&#8221;4.27.4&#8243; _module_preset=&#8221;5138c454-be54-4233-bd3b-f8e6a8747976&#8243; background_color=&#8221;RGBA(255,255,255,0)&#8221; custom_padding=&#8221;3vw||1vw||false|false&#8221; locked=&#8221;off&#8221; global_colors_info=&#8221;{}&#8221; theme_builder_area=&#8221;post_content&#8221;][et_pb_column type=&#8221;4_4&#8243; _builder_version=&#8221;4.27.4&#8243; _module_preset=&#8221;73121f80-a3ef-4484-8763-c3f18e3c56d2&#8243; background_color=&#8221;RGBA(255,255,255,0)&#8221; global_colors_info=&#8221;{}&#8221; theme_builder_area=&#8221;post_content&#8221;][et_pb_text _builder_version=&#8221;4.27.4&#8243; _module_preset=&#8221;default&#8221; text_text_color=&#8221;#FFFFFF&#8221; background_layout=&#8221;dark&#8221; global_colors_info=&#8221;{}&#8221; theme_builder_area=&#8221;post_content&#8221;]<\/p>\n<h2 style=\"text-align: center;\"><strong data-start=\"1572\" data-end=\"1619\">Potrebne su vam knjige ili imate neko pitanje?<\/strong><\/h2>\n<p data-start=\"1572\" data-end=\"1691\" style=\"text-align: center;\">Za upute kontaktirajte na\u0161u \u0161kolu ili razrednika va\u0161eg djeteta.<\/p>\n<p>[\/et_pb_text][\/et_pb_column][\/et_pb_row][et_pb_row _builder_version=\u201d4.27.4\u2033 _module_preset=\u201ddefault\u201d background_color=\u201dRGBA(255,255,255,0)\u201d custom_margin=\u201d||||false|false\u201d custom_padding=\u201d0vw||4vw||false|false\u201d global_colors_info=\u201d{}\u201d theme_builder_area=\u201dpost_content\u201d][et_pb_column type=\u201d4_4\u2033 _builder_version=\u201d4.27.4\u2033 _module_preset=\u201ddefault\u201d global_colors_info=\u201d{}\u201d theme_builder_area=\u201dpost_content\u201d][et_pb_button button_url=\u201d@ET-DC@eyJkeW5hbWljIjp0cnVlLCJjb250ZW50IjoicG9zdF9saW5rX3VybF9wYWdlIiwic2V0dGluZ3MiOnsicG9zdF9pZCI6IjI0MjMyMyJ9fQ==@\u201d button_text=\u201dPo\u0161aljite nam poruku\u201d button_alignment=\u201dcenter\u201d button_alignment_tablet=\u201dcenter\u201d button_alignment_phone=\u201dcenter\u201d button_alignment_last_edited=\u201doff|desktop\u201d _builder_version=\u201d4.27.4\u2033 _dynamic_attributes=\u201dbutton_url\u201d _module_preset=\u201ddefault\u201d global_colors_info=\u201d{}\u201d theme_builder_area=\u201dpost_content\u201d][\/et_pb_button][\/et_pb_column][\/et_pb_row][\/et_pb_section]<\/p>","protected":false},"excerpt":{"rendered":"<p>Kako bismo podr\u017eali na\u0161 kombinovani nastavni plan i program i strukturirani pristup u\u010denju, svaki razred na Richmond Park Collegeu u Sarajevu ima posebnu listu potrebnih knjiga i pribora. Ovi materijali poma\u017eu u\u010denicima da ostanu organizovani, pripremljeni i spremni da se u potpunosti uklju\u010de u aktivnosti na nastavi. U nastavku mo\u017eete preuzeti trenutne liste za svaki razred. Trebate pomo\u0107 sa priborom ili [\u2026]<\/p>","protected":false},"author":1,"featured_media":0,"parent":0,"menu_order":0,"comment_status":"closed","ping_status":"closed","template":"","meta":{"_et_pb_use_builder":"on","_et_pb_old_content":"","_et_gb_content_width":"","iawp_total_views":52,"footnotes":""},"class_list":["post-242862","page","type-page","status-publish","hentry"],"_links":{"self":[{"href":"https:\/\/sarajevo.rps.edu.ba\/bs\/wp-json\/wp\/v2\/pages\/242862","targetHints":{"allow":["GET"]}}],"collection":[{"href":"https:\/\/sarajevo.rps.edu.ba\/bs\/wp-json\/wp\/v2\/pages"}],"about":[{"href":"https:\/\/sarajevo.rps.edu.ba\/bs\/wp-json\/wp\/v2\/types\/page"}],"author":[{"embeddable":true,"href":"https:\/\/sarajevo.rps.edu.ba\/bs\/wp-json\/wp\/v2\/users\/1"}],"replies":[{"embeddable":true,"href":"https:\/\/sarajevo.rps.edu.ba\/bs\/wp-json\/wp\/v2\/comments?post=242862"}],"version-history":[{"count":4,"href":"https:\/\/sarajevo.rps.edu.ba\/bs\/wp-json\/wp\/v2\/pages\/242862\/revisions"}],"predecessor-version":[{"id":242977,"href":"https:\/\/sarajevo.rps.edu.ba\/bs\/wp-json\/wp\/v2\/pages\/242862\/revisions\/242977"}],"wp:attachment":[{"href":"https:\/\/sarajevo.rps.edu.ba\/bs\/wp-json\/wp\/v2\/media?parent=242862"}],"curies":[{"name":"radni list","href":"https:\/\/api.w.org\/{rel}","templated":true}]}}