{"id":242709,"date":"2025-07-28T12:02:24","date_gmt":"2025-07-28T12:02:24","guid":{"rendered":"https:\/\/sarajevo.rps.edu.ba\/?page_id=242709"},"modified":"2026-02-19T11:46:24","modified_gmt":"2026-02-19T11:46:24","slug":"osnovna-knjige-i-materijali","status":"publish","type":"page","link":"https:\/\/sarajevo.rps.edu.ba\/bs\/osnovna-knjige-i-materijali\/","title":{"rendered":"Knjige i materijali"},"content":{"rendered":"<p>[et_pb_section fb_built=\u201d1\u2033 fullwidth=\u201duklju\u010deno\u201d _builder_version=\u201d4.27.4\u2033 _module_preset=\u201dpodrazumevano\u201d global_colors_info=\u201d{}\u201d][et_pb_fullwidth_header title=\u201d@ET-DC@eyJkeW5hbWljIjp0cnVlLCJjb250ZW50IjoicG9zdF9saW5rIiwic2V0dGluZ3MiOnsiYmVmb3JlIjoiIiwiYWZ0ZXIiOiIiLCJ0ZXh0IjoicG9zdF90aXRsZSIsImN1c3RvbV90ZXh0IjoiIn19@\u201d _builder_version=\u201d4.27.4\u2033 _dynamic_attributes=\u201dnaslov\u201d _module_preset=\u201dpodrazumevano\u201d title_font=\u201d\u2013et_global_heading_font|700||na|||||\u201d title_font_size=\u201d54px\u201d title_font_size_tablet=\u201d50px\u201d title_font_size_phone=\u201d38px\u201d title_font_size_last_edited=\u201dna|telefonu\u201d global_colors_info=\u201d{}\u201d][\/et_pb_fullwidth_header][\/et_pb_section][et_pb_section fb_built=\u201d1\u2033 _builder_version=\u201d4.27.4\u2033 _module_preset=\u201dpodrazumevano\u201d custom_padding=\u201d1vw||1vw||true|false\u201d global_colors_info=\u201d{}\u201d][et_pb_row _builder_version=\u201d4.27.4\u2033 _module_preset=\u201dpodrazumevano\u201d global_colors_info=\u201d{}\u201d][et_pb_column type=\u201d4_4\u2033 _builder_version=\u201d4.27.4\u2033 _module_preset=\u201dpodrazumevano\u201d global_colors_info=\u201d{}\u201d][et_pb_text _builder_version=\u201d4.27.4\u2033 _module_preset=\u201dpodrazumevano\u201d global_colors_info=\u201d{}\u201d]<\/p>\n<p data-start=\"326\" data-end=\"620\">Kako bismo podr\u017eali na\u0161 kombinovani nastavni plan i program i strukturirani pristup u\u010denju, svaki razred u Richmond Park Osnovnoj \u0161koli u Sarajevu ima posebnu listu potrebnih knjiga i pribora. Ovi materijali poma\u017eu u\u010denicima da ostanu organizovani, pripremljeni i spremni da se u potpunosti uklju\u010de u aktivnosti u razredu.<\/p>\n<p data-start=\"622\" data-end=\"684\">Ispod mo\u017eete preuzeti trenutne liste za svaki razred.<\/p>\n<p>[\/et_pb_text][\/et_pb_column][\/et_pb_row][et_pb_row column_structure=&#8221;1_3,1_3,1_3&#8243; _builder_version=&#8221;4.27.4&#8243; _module_preset=&#8221;default&#8221; global_colors_info=&#8221;{}&#8221;][et_pb_column type=&#8221;1_3&#8243; _builder_version=&#8221;4.27.4&#8243; _module_preset=&#8221;default&#8221; global_colors_info=&#8221;{}&#8221;][et_pb_blurb title=&#8221;Grade 1 \u2013 Book &#038; Stationery List&#8221; url=&#8221;https:\/\/sarajevo.rps.edu.ba\/wp-content\/uploads\/2025\/07\/Grade-1.pdf&#8221; use_icon=&#8221;on&#8221; font_icon=&#8221;&#xe086;||divi||400&#8243; image_icon_background_color=&#8221;RGBA(255,255,255,0)&#8221; icon_placement=&#8221;left&#8221; _builder_version=&#8221;4.27.4&#8243; _module_preset=&#8221;default&#8221; link_option_url=&#8221;https:\/\/sarajevo.rps.edu.ba\/wp-content\/uploads\/2025\/07\/Grade-1.pdf&#8221; border_color_all_image=&#8221;RGBA(255,255,255,0)&#8221; global_colors_info=&#8221;{}&#8221; icon_color__hover_enabled=&#8221;on|hover&#8221; icon_color__hover=&#8221;#EB5E42&#8243; header_text_color__hover_enabled=&#8221;on|desktop&#8221; header_text_color__hover=&#8221;#EB5E42&#8243;][\/et_pb_blurb][\/et_pb_column][et_pb_column type=&#8221;1_3&#8243; _builder_version=&#8221;4.27.4&#8243; _module_preset=&#8221;default&#8221; global_colors_info=&#8221;{}&#8221;][et_pb_blurb title=&#8221;Grade 2 \u2013 Book &#038; Stationery List&#8221; use_icon=&#8221;on&#8221; font_icon=&#8221;&#xe086;||divi||400&#8243; image_icon_background_color=&#8221;RGBA(255,255,255,0)&#8221; icon_placement=&#8221;left&#8221; _builder_version=&#8221;4.27.4&#8243; _module_preset=&#8221;default&#8221; link_option_url=&#8221;https:\/\/sarajevo.rps.edu.ba\/wp-content\/uploads\/2025\/07\/Grade-2.pdf&#8221; border_color_all_image=&#8221;RGBA(255,255,255,0)&#8221; global_colors_info=&#8221;{}&#8221; header_text_color__hover=&#8221;#EB5E42&#8243; header_text_color__hover_enabled=&#8221;on|desktop&#8221; icon_color__hover=&#8221;#EB5E42&#8243; icon_color__hover_enabled=&#8221;on|hover&#8221;][\/et_pb_blurb][\/et_pb_column][et_pb_column type=&#8221;1_3&#8243; _builder_version=&#8221;4.27.4&#8243; _module_preset=&#8221;default&#8221; global_colors_info=&#8221;{}&#8221;][et_pb_blurb title=&#8221;Grade 3 \u2013 Book &#038; Stationery List&#8221; use_icon=&#8221;on&#8221; font_icon=&#8221;&#xe086;||divi||400&#8243; image_icon_background_color=&#8221;RGBA(255,255,255,0)&#8221; icon_placement=&#8221;left&#8221; _builder_version=&#8221;4.27.4&#8243; _module_preset=&#8221;default&#8221; link_option_url=&#8221;https:\/\/sarajevo.rps.edu.ba\/wp-content\/uploads\/2025\/07\/Grade-3.pdf&#8221; border_color_all_image=&#8221;RGBA(255,255,255,0)&#8221; global_colors_info=&#8221;{}&#8221; header_text_color__hover=&#8221;#EB5E42&#8243; header_text_color__hover_enabled=&#8221;on|desktop&#8221; icon_color__hover=&#8221;#EB5E42&#8243; icon_color__hover_enabled=&#8221;on|hover&#8221;][\/et_pb_blurb][\/et_pb_column][\/et_pb_row][et_pb_row column_structure=&#8221;1_3,1_3,1_3&#8243; _builder_version=&#8221;4.27.4&#8243; _module_preset=&#8221;default&#8221; global_colors_info=&#8221;{}&#8221;][et_pb_column type=&#8221;1_3&#8243; _builder_version=&#8221;4.27.4&#8243; _module_preset=&#8221;default&#8221; global_colors_info=&#8221;{}&#8221;][et_pb_blurb title=&#8221;Grade 4 \u2013 Book &#038; Stationery List&#8221; use_icon=&#8221;on&#8221; font_icon=&#8221;&#xe086;||divi||400&#8243; image_icon_background_color=&#8221;RGBA(255,255,255,0)&#8221; icon_placement=&#8221;left&#8221; _builder_version=&#8221;4.27.4&#8243; _module_preset=&#8221;default&#8221; link_option_url=&#8221;https:\/\/sarajevo.rps.edu.ba\/wp-content\/uploads\/2025\/07\/Grade-4.pdf&#8221; border_color_all_image=&#8221;RGBA(255,255,255,0)&#8221; global_colors_info=&#8221;{}&#8221; icon_color__hover_enabled=&#8221;on|hover&#8221; icon_color__hover=&#8221;#EB5E42&#8243; header_text_color__hover_enabled=&#8221;on|desktop&#8221; header_text_color__hover=&#8221;#EB5E42&#8243;][\/et_pb_blurb][\/et_pb_column][et_pb_column type=&#8221;1_3&#8243; _builder_version=&#8221;4.27.4&#8243; _module_preset=&#8221;default&#8221; global_colors_info=&#8221;{}&#8221;][et_pb_blurb title=&#8221;Grade 5 \u2013 Book &#038; Stationery List&#8221; url=&#8221;https:\/\/sarajevo.rps.edu.ba\/wp-content\/uploads\/2025\/07\/Books-and-Stationery-Grade-5.pdf&#8221; use_icon=&#8221;on&#8221; font_icon=&#8221;&#xe086;||divi||400&#8243; image_icon_background_color=&#8221;RGBA(255,255,255,0)&#8221; icon_placement=&#8221;left&#8221; _builder_version=&#8221;4.27.4&#8243; _module_preset=&#8221;default&#8221; link_option_url=&#8221;https:\/\/sarajevo.rps.edu.ba\/wp-content\/uploads\/2026\/02\/books-5.pdf&#8221; hover_enabled=&#8221;0&#8243; border_color_all_image=&#8221;RGBA(255,255,255,0)&#8221; global_colors_info=&#8221;{}&#8221; header_text_color__hover=&#8221;#EB5E42&#8243; header_text_color__hover_enabled=&#8221;on|desktop&#8221; icon_color__hover=&#8221;#EB5E42&#8243; icon_color__hover_enabled=&#8221;on|hover&#8221; sticky_enabled=&#8221;0&#8243;][\/et_pb_blurb][\/et_pb_column][et_pb_column type=&#8221;1_3&#8243; _builder_version=&#8221;4.27.4&#8243; _module_preset=&#8221;default&#8221; global_colors_info=&#8221;{}&#8221;][et_pb_blurb title=&#8221;Grade 6 \u2013 Book &#038; Stationery List&#8221; use_icon=&#8221;on&#8221; font_icon=&#8221;&#xe086;||divi||400&#8243; image_icon_background_color=&#8221;RGBA(255,255,255,0)&#8221; icon_placement=&#8221;left&#8221; _builder_version=&#8221;4.27.4&#8243; _dynamic_attributes=&#8221;link_option_url&#8221; _module_preset=&#8221;default&#8221; link_option_url=&#8221;https:\/\/sarajevo.rps.edu.ba\/wp-content\/uploads\/2026\/02\/books-6.pdf&#8221; hover_enabled=&#8221;0&#8243; border_color_all_image=&#8221;RGBA(255,255,255,0)&#8221; global_colors_info=&#8221;{}&#8221; header_text_color__hover=&#8221;#EB5E42&#8243; header_text_color__hover_enabled=&#8221;on|desktop&#8221; icon_color__hover=&#8221;#EB5E42&#8243; icon_color__hover_enabled=&#8221;on|hover&#8221; sticky_enabled=&#8221;0&#8243;][\/et_pb_blurb][\/et_pb_column][\/et_pb_row][et_pb_row column_structure=&#8221;1_3,1_3,1_3&#8243; _builder_version=&#8221;4.27.4&#8243; _module_preset=&#8221;default&#8221; global_colors_info=&#8221;{}&#8221;][et_pb_column type=&#8221;1_3&#8243; _builder_version=&#8221;4.27.4&#8243; _module_preset=&#8221;default&#8221; global_colors_info=&#8221;{}&#8221;][et_pb_blurb title=&#8221;Grade 7 \u2013 Book &#038; Stationery List&#8221; use_icon=&#8221;on&#8221; font_icon=&#8221;&#xe086;||divi||400&#8243; image_icon_background_color=&#8221;RGBA(255,255,255,0)&#8221; icon_placement=&#8221;left&#8221; _builder_version=&#8221;4.27.4&#8243; _dynamic_attributes=&#8221;link_option_url&#8221; _module_preset=&#8221;default&#8221; link_option_url=&#8221;https:\/\/sarajevo.rps.edu.ba\/wp-content\/uploads\/2026\/02\/books-7.pdf&#8221; hover_enabled=&#8221;0&#8243; border_color_all_image=&#8221;RGBA(255,255,255,0)&#8221; global_colors_info=&#8221;{}&#8221; icon_color__hover_enabled=&#8221;on|hover&#8221; icon_color__hover=&#8221;#EB5E42&#8243; header_text_color__hover_enabled=&#8221;on|desktop&#8221; header_text_color__hover=&#8221;#EB5E42&#8243; sticky_enabled=&#8221;0&#8243;][\/et_pb_blurb][\/et_pb_column][et_pb_column type=&#8221;1_3&#8243; _builder_version=&#8221;4.27.4&#8243; _module_preset=&#8221;default&#8221; global_colors_info=&#8221;{}&#8221;][et_pb_blurb title=&#8221;Grade 8 \u2013 Book &#038; Stationery List&#8221; use_icon=&#8221;on&#8221; font_icon=&#8221;&#xe086;||divi||400&#8243; image_icon_background_color=&#8221;RGBA(255,255,255,0)&#8221; icon_placement=&#8221;left&#8221; _builder_version=&#8221;4.27.4&#8243; _dynamic_attributes=&#8221;link_option_url&#8221; _module_preset=&#8221;default&#8221; link_option_url=&#8221;https:\/\/sarajevo.rps.edu.ba\/wp-content\/uploads\/2026\/02\/books-8.pdf&#8221; hover_enabled=&#8221;0&#8243; border_color_all_image=&#8221;RGBA(255,255,255,0)&#8221; global_colors_info=&#8221;{}&#8221; header_text_color__hover=&#8221;#EB5E42&#8243; header_text_color__hover_enabled=&#8221;on|desktop&#8221; icon_color__hover=&#8221;#EB5E42&#8243; icon_color__hover_enabled=&#8221;on|hover&#8221; sticky_enabled=&#8221;0&#8243;][\/et_pb_blurb][\/et_pb_column][et_pb_column type=&#8221;1_3&#8243; _builder_version=&#8221;4.27.4&#8243; _module_preset=&#8221;default&#8221; global_colors_info=&#8221;{}&#8221;][et_pb_blurb title=&#8221;Grade 9 \u2013 Book &#038; Stationery List&#8221; use_icon=&#8221;on&#8221; font_icon=&#8221;&#xe086;||divi||400&#8243; image_icon_background_color=&#8221;RGBA(255,255,255,0)&#8221; icon_placement=&#8221;left&#8221; _builder_version=&#8221;4.27.4&#8243; _dynamic_attributes=&#8221;link_option_url&#8221; _module_preset=&#8221;default&#8221; link_option_url=&#8221;https:\/\/sarajevo.rps.edu.ba\/wp-content\/uploads\/2026\/02\/books-9.pdf&#8221; hover_enabled=&#8221;0&#8243; border_color_all_image=&#8221;RGBA(255,255,255,0)&#8221; global_colors_info=&#8221;{}&#8221; header_text_color__hover=&#8221;#EB5E42&#8243; header_text_color__hover_enabled=&#8221;on|desktop&#8221; icon_color__hover=&#8221;#EB5E42&#8243; icon_color__hover_enabled=&#8221;on|hover&#8221; sticky_enabled=&#8221;0&#8243;][\/et_pb_blurb][\/et_pb_column][\/et_pb_row][\/et_pb_section][et_pb_section fb_built=&#8221;1&#8243; prev_background_color=&#8221;#ffffff&#8221; next_background_color=&#8221;#ffffff&#8221; admin_label=&#8221;Call to Action&#8221; _builder_version=&#8221;4.27.4&#8243; _module_preset=&#8221;default&#8221; background_color=&#8221;#0E5058&#8243; background_enable_image=&#8221;off&#8221; custom_padding=&#8221;5vw||5vw||true|false&#8221; top_divider_style=&#8221;curve2&#8243; top_divider_height_tablet=&#8221;43px&#8221; top_divider_height_phone=&#8221;20px&#8221; top_divider_height_last_edited=&#8221;on|tablet&#8221; bottom_divider_style=&#8221;curve2&#8243; bottom_divider_flip=&#8221;vertical&#8221; bottom_divider_height_tablet=&#8221;41px&#8221; bottom_divider_height_phone=&#8221;26px&#8221; bottom_divider_height_last_edited=&#8221;on|desktop&#8221; locked=&#8221;off&#8221; collapsed=&#8221;off&#8221; global_colors_info=&#8221;{%22gcid-36fd78a7-34bc-404d-873c-dafa34efaae5%22:%91%22background_color%22%93}&#8221;][et_pb_row _builder_version=&#8221;4.27.4&#8243; _module_preset=&#8221;5138c454-be54-4233-bd3b-f8e6a8747976&#8243; background_color=&#8221;RGBA(255,255,255,0)&#8221; custom_padding=&#8221;3vw||1vw||false|false&#8221; locked=&#8221;off&#8221; global_colors_info=&#8221;{}&#8221;][et_pb_column type=&#8221;4_4&#8243; _builder_version=&#8221;4.27.4&#8243; _module_preset=&#8221;73121f80-a3ef-4484-8763-c3f18e3c56d2&#8243; background_color=&#8221;RGBA(255,255,255,0)&#8221; global_colors_info=&#8221;{}&#8221;][et_pb_text _builder_version=&#8221;4.27.4&#8243; _module_preset=&#8221;default&#8221; text_text_color=&#8221;#FFFFFF&#8221; background_layout=&#8221;dark&#8221; global_colors_info=&#8221;{}&#8221;]<\/p>\n<h2 style=\"text-align: center;\"><strong data-start=\"1572\" data-end=\"1619\">Potrebne su vam knjige ili imate neko pitanje?<\/strong><\/h2>\n<p data-start=\"1572\" data-end=\"1691\" style=\"text-align: center;\">Za upute kontaktirajte na\u0161u \u0161kolu ili razrednika va\u0161eg djeteta.<\/p>\n<p>[\/et_pb_text][\/et_pb_column][\/et_pb_row][et_pb_row _builder_version=\u201d4.27.4\u2033 _module_preset=\u201ddefault\u201d background_color=\u201dRGBA(255,255,255,0)\u201d custom_margin=\u201d||||false|false\u201d custom_padding=\u201d0vw||4vw||false|false\u201d global_colors_info=\u201d{}\u201d][et_pb_column type=\u201d4_4\u2033 _builder_version=\u201d4.27.4\u2033 _module_preset=\u201ddefault\u201d global_colors_info=\u201d{}\u201d][et_pb_button button_url=\u201d@ET-DC@eyJkeW5hbWljIjp0cnVlLCJjb250ZW50IjoicG9zdF9saW5rX3VybF9wYWdlIiwic2V0dGluZ3MiOnsicG9zdF9pZCI6IjI0MjMyMyJ9fQ==@\u201d button_text=\u201dPo\u0161aljite nam poruku\u201d button_alignment=\u201dcenter\u201d button_alignment_tablet=\u201dcenter\u201d button_alignment_phone=\u201dcenter\u201d button_alignment_last_edited=\u201doff|desktop\u201d _builder_version=\u201d4.27.4\u2033 _dynamic_attributes=\u201dbutton_url\u201d _module_preset=\u201ddefault\u201d global_colors_info=\u201d{}\u201d][\/et_pb_button][\/et_pb_column][\/et_pb_row][\/et_pb_section]<\/p>","protected":false},"excerpt":{"rendered":"<p>Kako bismo podr\u017eali na\u0161 kombinovani nastavni plan i program i strukturirani pristup u\u010denju, svaki razred u Osnovnoj \u0161koli Richmond Park u Sarajevu ima posebnu listu potrebnih knjiga i pribora. Ovi materijali poma\u017eu u\u010denicima da ostanu organizovani, pripremljeni i spremni da se u potpunosti uklju\u010de u aktivnosti u razredu. U nastavku mo\u017eete preuzeti trenutne liste za svaki razred. Trebate pomo\u0107 sa priborom [\u2026]<\/p>","protected":false},"author":1,"featured_media":0,"parent":0,"menu_order":0,"comment_status":"closed","ping_status":"closed","template":"","meta":{"_et_pb_use_builder":"on","_et_pb_old_content":"","_et_gb_content_width":"","iawp_total_views":145,"footnotes":""},"class_list":["post-242709","page","type-page","status-publish","hentry"],"_links":{"self":[{"href":"https:\/\/sarajevo.rps.edu.ba\/bs\/wp-json\/wp\/v2\/pages\/242709","targetHints":{"allow":["GET"]}}],"collection":[{"href":"https:\/\/sarajevo.rps.edu.ba\/bs\/wp-json\/wp\/v2\/pages"}],"about":[{"href":"https:\/\/sarajevo.rps.edu.ba\/bs\/wp-json\/wp\/v2\/types\/page"}],"author":[{"embeddable":true,"href":"https:\/\/sarajevo.rps.edu.ba\/bs\/wp-json\/wp\/v2\/users\/1"}],"replies":[{"embeddable":true,"href":"https:\/\/sarajevo.rps.edu.ba\/bs\/wp-json\/wp\/v2\/comments?post=242709"}],"version-history":[{"count":13,"href":"https:\/\/sarajevo.rps.edu.ba\/bs\/wp-json\/wp\/v2\/pages\/242709\/revisions"}],"predecessor-version":[{"id":243492,"href":"https:\/\/sarajevo.rps.edu.ba\/bs\/wp-json\/wp\/v2\/pages\/242709\/revisions\/243492"}],"wp:attachment":[{"href":"https:\/\/sarajevo.rps.edu.ba\/bs\/wp-json\/wp\/v2\/media?parent=242709"}],"curies":[{"name":"radni list","href":"https:\/\/api.w.org\/{rel}","templated":true}]}}