{"id":242699,"date":"2025-07-28T12:00:24","date_gmt":"2025-07-28T12:00:24","guid":{"rendered":"https:\/\/sarajevo.rps.edu.ba\/?page_id=242699"},"modified":"2026-02-20T09:04:18","modified_gmt":"2026-02-20T09:04:18","slug":"osnovna-raspored","status":"publish","type":"page","link":"https:\/\/sarajevo.rps.edu.ba\/bs\/osnovna-raspored\/","title":{"rendered":"Raspored"},"content":{"rendered":"<p>[et_pb_section fb_built=\u201d1\u2033 fullwidth=\u201duklju\u010deno\u201d _builder_version=\u201d4.27.4\u2033 _module_preset=\u201dpodrazumevano\u201d global_colors_info=\u201d{}\u201d][et_pb_fullwidth_header title=\u201d@ET-DC@eyJkeW5hbWljIjp0cnVlLCJjb250ZW50IjoicG9zdF9saW5rIiwic2V0dGluZ3MiOnsiYmVmb3JlIjoiIiwiYWZ0ZXIiOiIiLCJ0ZXh0IjoicG9zdF90aXRsZSIsImN1c3RvbV90ZXh0IjoiIn19@\u201d _builder_version=\u201d4.27.4\u2033 _dynamic_attributes=\u201dnaslov\u201d _module_preset=\u201dpodrazumevano\u201d title_font=\u201d\u2013et_global_heading_font|700||na|||||\u201d title_font_size=\u201d54px\u201d title_font_size_tablet=\u201d50px\u201d title_font_size_phone=\u201d38px\u201d title_font_size_last_edited=\u201dna|telefonu\u201d global_colors_info=\u201d{}\u201d][\/et_pb_fullwidth_header][\/et_pb_section][et_pb_section fb_built=\u201d1\u2033 _builder_version=\u201d4.27.4\u2033 _module_preset=\u201ddefault\u201d global_colors_info=\u201d{}\u201d][et_pb_row _builder_version=\u201d4.27.4\u2033 _module_preset=\u201ddefault\u201d global_colors_info=\u201d{}\u201d][et_pb_column type=\u201d4_4\u2033 _builder_version=\u201d4.27.4\u2033 _module_preset=\u201ddefault\u201d global_colors_info=\u201d{}\u201d][et_pb_text _builder_version=\u201d4.27.4\u2033 _module_preset=\u201dpodrazumevano\u201d global_colors_info=\u201d{}\u201d]<\/p>\n<div class=\"mcb-wrap-background-overlay\"><span style=\"font-size: 16px;\">Raspored \u010dasova se formira dva puta godi\u0161nje \u2013 na po\u010detku prvog i na po\u010detku drugog semestra.<\/span><\/div>\n<div class=\"mcb-wrap-background-overlay\"><\/div>\n<div class=\"mcb-wrap-background-overlay\">Redovno provjeravamo i a\u017euriramo red vo\u017enje na na\u0161oj web stranici kako biste bili pravovremeno obavije\u0161teni o svim promjenama.<\/div>\n<div class=\"mcb-wrap-background-overlay\">\n<div class=\"column mcb-column mcb-item-588ba655c one laptop-one tablet-one mobile-one column_column\">\n<div class=\"mcb-column-inner mfn-module-wrapper mcb-column-inner-588ba655c mcb-item-column-inner\">\n<div class=\"column_attr mfn-inline-editor clearfix align_center\">\n<h2><\/h2>\n<\/div>\n<\/div>\n<\/div>\n<div class=\"column mcb-column mcb-item-rvwptxixo one laptop-one tablet-one mobile-one column_image_gallery\">\n<div class=\"mcb-column-inner mfn-module-wrapper mcb-column-inner-rvwptxixo mcb-item-image_gallery-inner\">\n<div id=\"sc_gallery-1\" class=\"gallery galleryid-3936 gallery-columns-3 gallery-size-full file gallery-default\">\n<div class=\"gallery-item-wrapper\">\n<div class=\"image_frame scale-with-grid\">\n<div class=\"image_wrapper\"><\/div>\n<\/div>\n<\/div>\n<\/div>\n<\/div>\n<\/div>\n<\/div>\n<p>[\/et_pb_text][et_pb_text _builder_version=\u201d4.27.4\u2033 _module_preset=\u201ddefault\u201d global_colors_info=\u201d{}\u201d]<\/p>\n<div class=\"mcb-wrap-background-overlay\">\n<h2><strong>RASPORED (1-4)<\/strong><\/h2>\n<\/div>\n<div class=\"mcb-wrap-background-overlay\">\n<div class=\"column mcb-column mcb-item-588ba655c one laptop-one tablet-one mobile-one column_column\">\n<div class=\"mcb-column-inner mfn-module-wrapper mcb-column-inner-588ba655c mcb-item-column-inner\">\n<div class=\"column_attr mfn-inline-editor clearfix align_center\"><\/div>\n<\/div>\n<\/div>\n<div class=\"column mcb-column mcb-item-rvwptxixo one laptop-one tablet-one mobile-one column_image_gallery\">\n<div class=\"mcb-column-inner mfn-module-wrapper mcb-column-inner-rvwptxixo mcb-item-image_gallery-inner\">\n<div id=\"sc_gallery-1\" class=\"gallery galleryid-3936 gallery-columns-3 gallery-size-full file gallery-default\">\n<div class=\"gallery-item-wrapper\">\n<div class=\"image_frame scale-with-grid\">\n<div class=\"image_wrapper\"><\/div>\n<\/div>\n<\/div>\n<\/div>\n<\/div>\n<\/div>\n<\/div>\n<p>[\/et_pb_text][et_pb_gallery gallery_ids=&#8221;243249,243248,243247,243245,243246,243244,243242,243243,243241,243240&#8243; posts_number=&#8221;10&#8243; show_title_and_caption=&#8221;off&#8221; show_pagination=&#8221;off&#8221; _builder_version=&#8221;4.27.4&#8243; _module_preset=&#8221;default&#8221; global_colors_info=&#8221;{}&#8221;][\/et_pb_gallery][et_pb_text _builder_version=&#8221;4.27.4&#8243; _module_preset=&#8221;default&#8221; global_colors_info=&#8221;{}&#8221;]<\/p>\n<div class=\"mcb-wrap-background-overlay\">\n<h2><strong>RASPORED (5-9)<\/strong><\/h2>\n<\/div>\n<div class=\"mcb-wrap-background-overlay\">\n<div class=\"column mcb-column mcb-item-588ba655c one laptop-one tablet-one mobile-one column_column\">\n<div class=\"mcb-column-inner mfn-module-wrapper mcb-column-inner-588ba655c mcb-item-column-inner\">\n<div class=\"column_attr mfn-inline-editor clearfix align_center\"><\/div>\n<\/div>\n<\/div>\n<div class=\"column mcb-column mcb-item-rvwptxixo one laptop-one tablet-one mobile-one column_image_gallery\">\n<div class=\"mcb-column-inner mfn-module-wrapper mcb-column-inner-rvwptxixo mcb-item-image_gallery-inner\">\n<div id=\"sc_gallery-1\" class=\"gallery galleryid-3936 gallery-columns-3 gallery-size-full file gallery-default\">\n<div class=\"gallery-item-wrapper\">\n<div class=\"image_frame scale-with-grid\">\n<div class=\"image_wrapper\"><\/div>\n<\/div>\n<\/div>\n<\/div>\n<\/div>\n<\/div>\n<\/div>\n<p>[\/et_pb_text][et_pb_gallery gallery_ids=&#8221;243506,243507,243508,243509,243510,243516,243515,243511,243512,243513,243514&#8243; posts_number=&#8221;11&#8243; show_title_and_caption=&#8221;off&#8221; show_pagination=&#8221;off&#8221; _builder_version=&#8221;4.27.5&#8243; _module_preset=&#8221;default&#8221; hover_enabled=&#8221;0&#8243; global_colors_info=&#8221;{}&#8221; sticky_enabled=&#8221;0&#8243;][\/et_pb_gallery][\/et_pb_column][\/et_pb_row][\/et_pb_section]<\/p>","protected":false},"excerpt":{"rendered":"<p>The timetable is formed twice a year &#8211; at the beginning of the first and at the beginning of the second semester. We regularly check and update the timetables on our website to keep you informed of any changes in a timely manner. TIMETABLE (1-4) TIMETABLE (5-9)<\/p>","protected":false},"author":1,"featured_media":0,"parent":0,"menu_order":0,"comment_status":"closed","ping_status":"closed","template":"","meta":{"_et_pb_use_builder":"on","_et_pb_old_content":"","_et_gb_content_width":"","iawp_total_views":220,"footnotes":""},"class_list":["post-242699","page","type-page","status-publish","hentry"],"_links":{"self":[{"href":"https:\/\/sarajevo.rps.edu.ba\/bs\/wp-json\/wp\/v2\/pages\/242699","targetHints":{"allow":["GET"]}}],"collection":[{"href":"https:\/\/sarajevo.rps.edu.ba\/bs\/wp-json\/wp\/v2\/pages"}],"about":[{"href":"https:\/\/sarajevo.rps.edu.ba\/bs\/wp-json\/wp\/v2\/types\/page"}],"author":[{"embeddable":true,"href":"https:\/\/sarajevo.rps.edu.ba\/bs\/wp-json\/wp\/v2\/users\/1"}],"replies":[{"embeddable":true,"href":"https:\/\/sarajevo.rps.edu.ba\/bs\/wp-json\/wp\/v2\/comments?post=242699"}],"version-history":[{"count":7,"href":"https:\/\/sarajevo.rps.edu.ba\/bs\/wp-json\/wp\/v2\/pages\/242699\/revisions"}],"predecessor-version":[{"id":243517,"href":"https:\/\/sarajevo.rps.edu.ba\/bs\/wp-json\/wp\/v2\/pages\/242699\/revisions\/243517"}],"wp:attachment":[{"href":"https:\/\/sarajevo.rps.edu.ba\/bs\/wp-json\/wp\/v2\/media?parent=242699"}],"curies":[{"name":"radni list","href":"https:\/\/api.w.org\/{rel}","templated":true}]}}