{"id":242325,"date":"2025-07-23T12:28:13","date_gmt":"2025-07-23T12:28:13","guid":{"rendered":"https:\/\/sarajevo.rps.edu.ba\/?page_id=242325"},"modified":"2025-07-25T09:25:13","modified_gmt":"2025-07-25T09:25:13","slug":"cesto-postavljana-pitanja","status":"publish","type":"page","link":"https:\/\/sarajevo.rps.edu.ba\/bs\/cesto-postavljana-pitanja\/","title":{"rendered":"\u010cesto postavljana pitanja"},"content":{"rendered":"<p>[et_pb_section fb_built=\u201d1\u2033 fullwidth=\u201duklju\u010deno\u201d _builder_version=\u201d4.27.4\u2033 _module_preset=\u201dpodrazumevano\u201d global_colors_info=\u201d{}\u201d][et_pb_fullwidth_header title=\u201d@ET-DC@eyJkeW5hbWljIjp0cnVlLCJjb250ZW50IjoicG9zdF9saW5rIiwic2V0dGluZ3MiOnsiYmVmb3JlIjoiIiwiYWZ0ZXIiOiIiLCJ0ZXh0IjoicG9zdF90aXRsZSIsImN1c3RvbV90ZXh0IjoiIn19@\u201d _builder_version=\u201d4.27.4\u2033 _dynamic_attributes=\u201dnaslov\u201d _module_preset=\u201dpodrazumevano\u201d title_font=\u201d\u2013et_global_heading_font|700||na|||||\u201d title_font_size=\u201d54px\u201d title_font_size_tablet=\u201d50px\u201d title_font_size_phone=\u201d38px\u201d title_font_size_last_edited=\u201dna|telefonu\u201d global_colors_info=\u201d{}\u201d][\/et_pb_fullwidth_header][\/et_pb_section][et_pb_section fb_built=\u201d1\u2033 _builder_version=\u201d4.27.4\u2033 _module_preset=\u201ddefault\u201d background_image=\u201dhttps:\/\/sarajevo.rps.edu.ba\/wp-content\/uploads\/2025\/07\/rps_digital_poly-2-min-1.png\u201d background_size=\u201dpo\u010detna\u201d background_repeat=\u201dponavljanje-y\u201d top_divider_style=\u201dnagib\u201d top_divider_color=\u201d#0E5058\u2033 top_divider_style_tablet=\u201dnagib\u201d top_divider_style_phone=\u201dnagib\u201d top_divider_style_last_edited=\u201dna|tabletu\u201d top_divider_height_tablet=\u201d69px\u201d top_divider_height_phone=\u201d69px\u201d top_divider_height_last_edited=\u201dna|telefonu\u201d global_colors_info=\u201d{}\u201d][et_pb_row _builder_version=\u201d4.27.4\u2033 _module_preset=\u201dpodrazumevano\u201d global_colors_info=\u201d{}\u201d][et_pb_column type=\u201d4_4\u2033 _builder_version=\u201d4.27.4\u2033 _module_preset=\u201dpodrazumevano\u201d global_colors_info=\u201d{}\u201d][et_pb_text _builder_version=\u201d4.27.4\u2033 _module_preset=\u201dpodrazumevano\u201d header_2_font=\u201d\u2013et_global_heading_font||||||||\u201d text_font_size_tablet=\u201d16px\u201d text_font_size_phone=\u201d16px\u201d text_font_size_last_edited=\u201dna|telefonu\u201d global_colors_info=\u201d{}\u201d]<\/p>\n<h2><strong>Odgovori na va\u0161a pitanja<\/strong><span style=\"font-weight: 400;\"><br \/><\/span><\/h2>\n<p>Prona\u0111ite odgovore na neka od naj\u010de\u0161\u0107e postavljanih pitanja o Richmond Park \u0161kolama u Sarajevu \u2014 od prijemnih ispita i akademskog procesa do svakodnevnog \u017eivota u kampusu. Za konkretnija pitanja, na\u0161 lokalni tim za upis vam rado stoji na raspolaganju.<\/p>\n<p>[\/et_pb_text][\/et_pb_column][\/et_pb_row][et_pb_row _builder_version=\u201d4.27.4\u2033 _module_preset=\u201ddefault\u201d global_colors_info=\u201d{}\u201d][et_pb_column type=\u201d4_4\u2033 _builder_version=\u201d4.27.4\u2033 _module_preset=\u201ddefault\u201d global_colors_info=\u201d{}\u201d][et_pb_toggle title=\u201dNa kojim se jezicima odr\u017eava nastava?\u201d icon_color=\u201d#EB5E42\u2033 toggle_icon=\u201d\uf150||fa||900\u2033 open_icon_color=\u201d#EB5E42\u2033 _builder_version=\u201d4.27.4\u2033 _module_preset=\u201ddefault\u201d box_shadow_style=\u201dpreset1\u2033 global_colors_info=\u201d{}\u201d]<\/p>\n<p><span style=\"font-weight: 400;\">Ve\u0107ina nastavnih predmeta predaje se na engleskom jeziku, dok su bosanski jezik i kulturni sadr\u017eaji uklju\u010deni u skladu s nacionalnim standardima.<\/span><\/p>\n<p>[\/et_pb_toggle][et_pb_toggle title=\u201dKoji se nastavni plan i program primjenjuje?\u201d icon_color=\u201d#EB5E42\u2033 toggle_icon=\u201d\uf150||fa||900\u2033 open_icon_color=\u201d#EB5E42\u2033 _builder_version=\u201d4.27.4\u2033 _module_preset=\u201ddefault\u201d box_shadow_style=\u201dpreset1\u2033 global_colors_info=\u201d{}\u201d]<\/p>\n<p><span style=\"font-weight: 400;\">Richmond Park \u0161kole kombiniraju me\u0111unarodni nastavni plan i program Cambridgea sa zajedni\u010dkim osnovnim programom za Bosnu i Hercegovinu, nude\u0107i u\u010denicima bogato iskustvo dvojnog obrazovanja.<\/span><\/p>\n<p>[\/et_pb_toggle][et_pb_toggle title=\u201dDa li je Richmond Park otvoren za me\u0111unarodne studente?\u201d icon_color=\u201d#EB5E42\u2033 toggle_icon=\u201d\uf150||fa||900\u2033 open_icon_color=\u201d#EB5E42\u2033 _builder_version=\u201d4.27.4\u2033 _module_preset=\u201ddefault\u201d box_shadow_style=\u201dpreset1\u2033 global_colors_info=\u201d{}\u201d]<\/p>\n<p><span style=\"font-weight: 400;\">Apsolutno. Dobrodo\u0161li su u\u010denici svih nacionalnosti i trenutno pru\u017eamo usluge porodicama iz preko 35 zemalja svijeta.<\/span><\/p>\n<p>[\/et_pb_toggle][et_pb_toggle title=\u201dDa li su \u0161kolske uniforme obavezne u \u0161kolama Richmond Park u Sarajevu?\u201d icon_color=\u201d#EB5E42\u2033 toggle_icon=\u201d\uf150||fa||900\u2033 open_icon_color=\u201d#EB5E42\u2033 _builder_version=\u201d4.27.4\u2033 _module_preset=\u201ddefault\u201d box_shadow_style=\u201dpreset1\u2033 global_colors_info=\u201d{}\u201d]<\/p>\n<p data-start=\"112\" data-end=\"315\">Da. Svi u\u010denici moraju nositi odobrenu \u0161kolsku uniformu, koja uklju\u010duje zelenu polo majicu ili duksericu sa \u0161kolskim amblemom i odgovaraju\u0107e pantalone ili suknje. \u010casovi tjelesnog odgoja zahtijevaju posebnu sportsku odje\u0107u.<\/p>\n<p data-start=\"317\" data-end=\"534\">Uniforme moraju biti \u010diste, uredne i prikladne. Predmeti poput poderane odje\u0107e, \u0161e\u0161ira, prekomjernog nakita ili visokih potpetica nisu dozvoljeni. U\u010denici trebaju ozna\u010diti svoje uniforme, jer \u0161kola nije odgovorna za izgubljene predmete.<\/p>\n<p data-start=\"536\" data-end=\"581\" data-is-last-node=\"\" data-is-only-node=\"\">Za sve detalje, obratite se sekretaru va\u0161e \u0161kole.<\/p>\n<p>[\/et_pb_toggle][et_pb_toggle title=\u201dKoliki je odnos u\u010denika i nastavnika?\u201d icon_color=\u201d#EB5E42\u2033 toggle_icon=\u201d\uf150||fa||900\u2033 open_icon_color=\u201d#EB5E42\u2033 _builder_version=\u201d4.27.4\u2033 _module_preset=\u201ddefault\u201d box_shadow_style=\u201dpreset1\u2033 global_colors_info=\u201d{}\u201d]<\/p>\n<p>Veli\u010dina razreda je namjerno mala kako bi svaki u\u010denik dobio pa\u017enju koju zaslu\u017euje. Iako svaki nivo \u0161kole ima svoje ograni\u010denje, broj u\u010denika u jednom razredu nikada ne prelazi 24.<\/p>\n<p>[\/et_pb_toggle][et_pb_toggle title=\u201dDa li studenti moraju govoriti engleski prije upisa?\u201d icon_color=\u201d#EB5E42\u2033 toggle_icon=\u201d\uf150||fa||900\u2033 open_icon_color=\u201d#EB5E42\u2033 _builder_version=\u201d4.27.4\u2033 _module_preset=\u201ddefault\u201d box_shadow_style=\u201dpreset1\u2033 global_colors_info=\u201d{}\u201d]<\/p>\n<p><span style=\"font-weight: 400;\">Ne nu\u017eno. Nudimo programe podr\u0161ke za one kojima engleski nije maternji jezik, posebno na osnovno\u0161kolskom i pred\u0161kolskom nivou.<\/span><\/p>\n<p>[\/et_pb_toggle][et_pb_toggle title=\u201dDa li postoji prijemni ispit za upis u \u0161kole Richmond Park?\u201d icon_color=\u201d#EB5E42\u2033 toggle_icon=\u201d\uf150||fa||900\u2033 open_icon_color=\u201d#EB5E42\u2033 _builder_version=\u201d4.27.4\u2033 _module_preset=\u201ddefault\u201d box_shadow_style=\u201dpreset1\u2033 global_colors_info=\u201d{}\u201d]<\/p>\n<p><span style=\"font-weight: 400;\">Mi smo neselektivna institucija i ne zahtijevamo prijemni ispit za op\u0107i upis. Me\u0111utim, provodimo akademske testove kao dio na\u0161eg programa stipendiranja za u\u010denike prvih razreda srednjih \u0161kola. Ovi testovi pokrivaju predmete kao \u0161to su bosanski\/hrvaski\/srpski jezik, engleski jezik, matematika, prirodne nauke i op\u0107e znanje. Molimo kontaktirajte nas za detaljne informacije o procesu upisa ili stipendiranja.<\/span><\/p>\n<p>[\/et_pb_toggle][et_pb_toggle title=\u201dKako komunicirate s roditeljima?\u201d icon_color=\u201d#EB5E42\u2033 toggle_icon=\u201d\uf150||fa||900\u2033 open_icon_color=\u201d#EB5E42\u2033 _builder_version=\u201d4.27.4\u2033 _module_preset=\u201ddefault\u201d box_shadow_style=\u201dpreset1\u2033 global_colors_info=\u201d{}\u201d]<\/p>\n<p><span style=\"font-weight: 400;\">Roditelje smatramo klju\u010dnim partnerima u obrazovanju. Komunikacija se odvija putem na\u0161e web stranice, dru\u0161tvenih mre\u017ea, \u0161kolskih biltena i platforme SchoolMind. Ovaj digitalni alat omogu\u0107ava roditeljima da prate ocjene, doma\u0107e zada\u0107e, prisustvo, obavje\u0161tenja i jo\u0161 mnogo toga, poma\u017eu\u0107i porodicama da ostanu blisko povezane sa \u0161kolskim iskustvom svog djeteta.<\/span><\/p>\n<p>[\/et_pb_toggle][et_pb_toggle title=\u201dDa li \u0161kole Richmond Park u Sarajevu pru\u017eaju usluge prevoza?\u201d icon_color=\u201d#EB5E42\u2033 toggle_icon=\u201d\uf150||fa||900\u2033 open_icon_color=\u201d#EB5E42\u2033 _builder_version=\u201d4.27.4\u2033 _module_preset=\u201ddefault\u201d box_shadow_style=\u201dpreset1\u2033 global_colors_info=\u201d{}\u201d]<\/p>\n<p>Richmond Park \u0161kole  u Sarajevu ne pru\u017eaju prevoz direktno, ali \u0107emo vas rado povezati s pouzdanim transportnim kompanijama s kojima sara\u0111ujemo dugi niz godina. Imajte na umu da se svi aran\u017emani dogovaraju direktno izme\u0111u roditelja i pru\u017eatelja usluga prevoza, te da \u0161kola nije odgovorna za uslugu.<\/p>\n<p>[\/et_pb_toggle][et_pb_toggle title=\u201dKada se trebamo prijaviti za sljede\u0107u \u0161kolsku godinu?\u201d icon_color=\u201d#EB5E42\u2033 toggle_icon=\u201d\uf150||fa||900\u2033 open_icon_color=\u201d#EB5E42\u2033 _builder_version=\u201d4.27.4\u2033 _module_preset=\u201ddefault\u201d box_shadow_style=\u201dpreset1\u2033 global_colors_info=\u201d{}\u201d]<\/p>\n<p><span style=\"font-weight: 400;\">Redovne prijave za nove u\u010denike otvaraju se svakog prolje\u0107a. Me\u0111utim, porodice nas mogu kontaktirati u bilo koje vrijeme tokom godine kako bi provjerile raspolo\u017eiva mjesta u odre\u0111enim razredima ili \u0161kolama, jer tokom \u0161kolske godine mo\u017ee biti ograni\u010den broj slobodnih mjesta.<\/span><\/p>\n<p>[\/et_pb_toggle][et_pb_toggle title=\u201dKoja su dokumenta potrebna za registraciju studenta?\u201d icon_color=\u201d#EB5E42\u2033 toggle_icon=\u201d\uf150||fa||900\u2033 open_icon_color=\u201d#EB5E42\u2033 _builder_version=\u201d4.27.4\u2033 _module_preset=\u201ddefault\u201d box_shadow_style=\u201dpreset1\u2033 global_colors_info=\u201d{}\u201d]<\/p>\n<article class=\"text-token-text-primary w-full\" dir=\"auto\" data-testid=\"conversation-turn-18\" data-scroll-anchor=\"true\">\n<div class=\"text-base my-auto mx-auto pb-10 [--thread-content-margin:--spacing(4)] @[37rem]:[--thread-content-margin:--spacing(6)] @[72rem]:[--thread-content-margin:--spacing(16)] px-(--thread-content-margin)\">\n<div class=\"[--thread-content-max-width:32rem] @[34rem]:[--thread-content-max-width:40rem] @[64rem]:[--thread-content-max-width:48rem] mx-auto max-w-(--thread-content-max-width) flex-1 group\/turn-messages focus-visible:outline-hidden relative flex w-full min-w-0 flex-col agent-turn\" tabindex=\"-1\">\n<div class=\"flex max-w-full flex-col grow\">\n<div data-message-author-role=\"assistant\" data-message-id=\"1029bd94-873d-4d44-b1ea-78ab392235c4\" dir=\"auto\" class=\"min-h-8 text-message relative flex w-full flex-col items-end gap-2 text-start break-words whitespace-normal [.text-message+&amp;]:mt-5\" data-message-model-slug=\"gpt-4o\">\n<div class=\"flex w-full flex-col gap-1 empty:hidden first:pt-[3px]\">\n<div class=\"markdown prose dark:prose-invert w-full break-words dark\">\n<p data-start=\"149\" data-end=\"899\" data-is-last-node=\"\" data-is-only-node=\"\" class=\"translation-block\"><p>Za upis u Richmond Park Schools Sarajevo, u\u010denici trebaju dostaviti potrebnu dokumentaciju u zavisnosti od svog dr\u017eavljanstva. \n<strong>Za dr\u017eavljane Bosne i Hercegovine<\/strong>, potrebni dokumenti uklju\u010duju izvod iz mati\u010dne knjige ro\u0111enih, CIPS potvrdu o prebivali\u0161tu i ljekarsko uvjerenje za u\u010denike prvih razreda. \n<strong>Za strane dr\u017eavljane<\/strong>, potrebni su izvod iz mati\u010dne knjige ro\u0111enih, va\u017ee\u0107a li\u010dna karta ili drugi identifikacioni dokument, te ljekarsko uvjerenje za u\u010denike prvih razreda. \nAko je u\u010denik ranije poha\u0111ao \u0161kolu u inostranstvu ili u\u010dio po drugom nastavnom planu i programu, potrebna je i <strong>odluka o nostrifikaciji<\/strong> koju izdaju nadle\u017ene obrazovne vlasti. \nDodatna dokumentacija, poput \u0161kolskih svjedo\u010danstava ili transkripata, mo\u017ee se tra\u017eiti tokom procesa upisa.<\/p><\/p>\n<\/div>\n<\/div>\n<\/div>\n<\/div>\n<\/div>\n<\/div>\n<\/article>\n<p>[\/et_pb_toggle][\/et_pb_column][\/et_pb_row][\/et_pb_section][et_pb_section fb_built=\u201d1\u2033 admin_label=\u201dPoziv na akciju\u201d _builder_version=\u201d4.27.4\u2033 _module_preset=\u201ddefault\u201d background_color=\u201d#0E5058\u2033 top_divider_style=\u201dramp2\u2033 top_divider_color=\u201d#FFFFFF\u201d top_divider_height=\u201d140px\u201d top_divider_repeat=\u201d1x\u201d top_divider_height_tablet=\u201d140px\u201d top_divider_height_phone=\u201d54px\u201d top_divider_height_last_edited=\u201dna|desktopu\u201d collapsed=\u201dna\u201d global_colors_info=\u201d{}\u201d][et_pb_row _builder_version=\u201d4.27.4\u2033 _module_preset=\u201dzadano\u201d use_background_color_gradient=\u201duklju\u010deno\u201d background_color_gradient_stops=\u201drgba(14,14,14,0.85) 0%|rgba(14,14,14,0.2) 100%\u201d background_color_gradient_overlays_image=\u201duklju\u010deno\u201d background_image=\u201dhttps:\/\/sarajevo.rps.edu.ba\/wp-content\/uploads\/2025\/07\/RPS-campuses-sarajevo-wide-1024\u00d7512-copy-1.jpg\u201d max_width=\u201d1280px\u201d custom_padding=\u201d8vw|3px|8vw|3px|true|true\u201d border_radii=\u201duklju\u010deno|3vw|3vw|3vw|3vw\u201d global_colors_info=\u201d{}\u201d custom_margin__hover_enabled=\u201disklju\u010deno|desktop\u201d][et_pb_column type=\u201d4_4\u2033 _builder_version=\u201d4.27.4\u2033 _module_preset=\u201dpodrazumevano\u201d global_colors_info=\u201d{}\u201d][et_pb_text _builder_version=\u201d4.27.4\u2033 _module_preset=\u201dpodrazumevano\u201d header_font=\u201d\u2013et_global_heading_font|800||||||\u201d header_text_color=\u201d#FFFFFF\u201d header_2_font=\u201dFigtree|700|||||||\u201d header_2_text_color=\u201d#FFFFFF\u201d header_2_line_height=\u201d1.2em\u201d text_orientation=\u201dcentar\u201d header_2_font_size_tablet=\u201d40px\u201d header_2_font_size_phone=\u201d24px\u201d header_2_font_size_last_edited=\u201disklju\u010deno|desktop\u201d global_colors_info=\u201d{}\u201d]<\/p>\n<h1>Imate li jo\u0161 pitanja? Tu smo da vam pomognemo.<\/h1>\n<p>[\/et_pb_text][et_pb_text _builder_version=\u201d4.27.4\u2033 _module_preset=\u201dpodrazumevano\u201d header_2_font=\u201dFigtree|700|||||||\u201d header_2_text_color=\u201d#FFFFFF\u201d header_2_font_size=\u201d100px\u201d header_2_line_height=\u201d1.2em\u201d header_4_text_color=\u201d#FFFFFF\u201d header_5_text_color=\u201d#FFFFFF\u201d text_orientation=\u201dcentar\u201d custom_padding=\u201d|10vw||10vw|false|true\u201d custom_padding_tablet=\u201d|3vw||3vw|false|true\u201d custom_padding_phone=\u201d|1vw||1vw|false|true\u201d custom_padding_last_edited=\u201dna|tabletu\u201d header_2_font_size_tablet=\u201d40px\u201d header_2_font_size_phone=\u201d24px\u201d header_2_font_size_last_edited=\u201dna|desktopu\u201d header_4_font_size_tablet=\u201d21px\u201d header_4_font_size_phone=&quot;21px&quot; header_4_font_size_last_edited=&quot;na|telefonu&quot; global_colors_info=&quot;{}&quot;]<\/p>\n<h4>Na\u0161 tim za upis je tu tokom cijele godine da odgovori na va\u0161a pitanja i podr\u017ei vas u svakom koraku procesa. Bez obzira da li tek istra\u017eujete ili ste spremni da se prijavite, slobodno nas kontaktirajte - rado \u0107emo vam pomo\u0107i!<\/h4>\n<p>[\/et_pb_text][et_pb_button button_url=\u201d@ET-DC@eyJkeW5hbWljIjp0cnVlLCJjb250ZW50IjoicG9zdF9saW5rX3VybF9wYWdlIiwic2V0dGluZ3MiOnsicG9zdF9pZCI6IjI0MjMyMyJ9fQ==@\u201d button_text=\u201dKontaktirajte nas\u201d button_alignment=\u201dcenter\u201d _builder_version=\u201d4.27.4\u2033 _dynamic_attributes=\u201dbutton_url\u201d _module_preset=\u201d_initial\u201d custom_padding=\u201d16px|40px|16px|40px|true|true\u201d hover_enabled=\u201d0\u2033 button_text_size_tablet=\u201d19px\u201d button_text_size_phone=\u201d16px\u201d button_text_size_last_edited=\u201dna|telefonu\u201d global_colors_info=\u201d{}\u201d sticky_enabled=\u201d0\u2033][\/et_pb_button][\/et_pb_column][\/et_pb_row][\/et_pb_section]<\/p>","protected":false},"excerpt":{"rendered":"<p>Va\u0161a pitanja, odgovori Prona\u0111ite odgovore na neka od naj\u010de\u0161\u0107e postavljanih pitanja o \u0161kolama Richmond Park u Sarajevu - od prijemnih ispita i akademskog procesa do svakodnevnog \u017eivota na kampusu. Za konkretnije upite, na\u0161 lokalni tim za prijem vam rado stoji na raspolaganju. Ve\u0107ina akademskih predmeta se predaje na engleskom jeziku, a bosanski jezik i kulturni predmeti integrirani su kao [\u2026]<\/p>","protected":false},"author":1,"featured_media":0,"parent":0,"menu_order":0,"comment_status":"closed","ping_status":"closed","template":"","meta":{"_et_pb_use_builder":"on","_et_pb_old_content":"<!-- wp:divi\/placeholder \/-->","_et_gb_content_width":"","iawp_total_views":249,"footnotes":""},"class_list":["post-242325","page","type-page","status-publish","hentry"],"_links":{"self":[{"href":"https:\/\/sarajevo.rps.edu.ba\/bs\/wp-json\/wp\/v2\/pages\/242325","targetHints":{"allow":["GET"]}}],"collection":[{"href":"https:\/\/sarajevo.rps.edu.ba\/bs\/wp-json\/wp\/v2\/pages"}],"about":[{"href":"https:\/\/sarajevo.rps.edu.ba\/bs\/wp-json\/wp\/v2\/types\/page"}],"author":[{"embeddable":true,"href":"https:\/\/sarajevo.rps.edu.ba\/bs\/wp-json\/wp\/v2\/users\/1"}],"replies":[{"embeddable":true,"href":"https:\/\/sarajevo.rps.edu.ba\/bs\/wp-json\/wp\/v2\/comments?post=242325"}],"version-history":[{"count":5,"href":"https:\/\/sarajevo.rps.edu.ba\/bs\/wp-json\/wp\/v2\/pages\/242325\/revisions"}],"predecessor-version":[{"id":242518,"href":"https:\/\/sarajevo.rps.edu.ba\/bs\/wp-json\/wp\/v2\/pages\/242325\/revisions\/242518"}],"wp:attachment":[{"href":"https:\/\/sarajevo.rps.edu.ba\/bs\/wp-json\/wp\/v2\/media?parent=242325"}],"curies":[{"name":"radni list","href":"https:\/\/api.w.org\/{rel}","templated":true}]}}